{"id":679,"date":"2022-09-07T16:57:20","date_gmt":"2022-09-07T16:57:20","guid":{"rendered":"https:\/\/webredox.net\/demo\/wp\/travol\/home-layout-3-copy\/"},"modified":"2026-03-25T16:14:43","modified_gmt":"2026-03-25T15:14:43","slug":"photos-galleries","status":"publish","type":"page","link":"https:\/\/boszniamagyarul.hu\/hu\/photos-galleries\/","title":{"rendered":"K\u00e9pek"},"content":{"rendered":"<div data-elementor-type=\"wp-page\" data-elementor-id=\"679\" class=\"elementor elementor-679\" data-elementor-post-type=\"page\">\n\t\t\t\t<div class=\"elementor-element elementor-element-6b57d4a e-flex e-con-boxed e-con e-parent\" data-id=\"6b57d4a\" data-element_type=\"container\" data-e-type=\"container\" data-settings=\"{&quot;background_background&quot;:&quot;classic&quot;}\">\n\t\t\t\t\t<div class=\"e-con-inner\">\n\t\t<div class=\"elementor-element elementor-element-87361f3 e-con-full e-flex e-con e-child\" data-id=\"87361f3\" data-element_type=\"container\" data-e-type=\"container\">\n\t\t\t\t<div class=\"elementor-element elementor-element-7c2cfae elementor-invisible elementor-widget elementor-widget-travol-sec-title\" data-id=\"7c2cfae\" data-element_type=\"widget\" data-e-type=\"widget\" data-settings=\"{&quot;_animation&quot;:&quot;fadeIn&quot;}\" data-widget_type=\"travol-sec-title.default\">\n\t\t\t\t<div class=\"elementor-widget-container\">\n\t\t\t\t\t\t\t<div class=\"about text-left\">\n\t\t\t\t\t\t<h3 class=\"section-subtitle\">Boldogan mutatjuk be:<\/h3>\n\t\t\t\t\t\t            <h2 class=\"section-title\">\u00d6sszes<span> T\u00daRA<\/span><\/h2>\n\t\t\t\t\t<\/div>\n\t\t\t\t\t\t<\/div>\n\t\t\t\t<\/div>\n\t\t\t\t<div class=\"elementor-element elementor-element-8d116ba elementor-invisible elementor-widget elementor-widget-travol-blog-carousel\" data-id=\"8d116ba\" data-element_type=\"widget\" data-e-type=\"widget\" data-settings=\"{&quot;_animation&quot;:&quot;fadeIn&quot;}\" data-widget_type=\"travol-blog-carousel.default\">\n\t\t\t\t<div class=\"elementor-widget-container\">\n\t\t\t\t\t\t\t<div class=\"blog\">\r\n\t\t\t<div class=\"row\">\r\n                <div class=\"col-md-12\">\r\n                    <div class=\"owl-carousel owl-theme\" data-car-autoplay=\"true\" data-car-speed=\"500\" data-dots=\"true\" data-nav=\"true\" data-rtl=\"false\">\r\n\t\t\t\t\t\t                        <div class=\"item\">\r\n                            <div class=\"position-re o-hidden position-re-order-blog\"> <div class=\"cd-pt-ab\"><img decoding=\"async\" src=\"https:\/\/boszniamagyarul.hu\/wp-content\/uploads\/2026\/03\/UNA-14.jpg\" alt=\"rafting days\"><\/div>\r\n                                <div class=\"date\">\r\n                                    <a href=\"https:\/\/boszniamagyarul.hu\/hu\/rafting-days\/\"> <span>m\u00e1rc<\/span> <i>10<\/i> <\/a>\r\n                                <\/div>\r\n                            <\/div>\r\n\t\t\t\t\t\t\t                            <div class=\"con\"> \r\n\t\t\t\t\t\t\t\t\t\t\t\t\t\t\t\t<span class=\"category\">\r\n\t\t\t\t\t\t\t\t                                    <a href=\"https:\/\/boszniamagyarul.hu\/hu\/category\/photo-gallery\/\">K\u00c9PGAL\u00c9RIA  <\/a>\r\n\t\t\t\t\t\t\t\t                                <\/span>\r\n\t\t\t\t\t\t\t\t                                <h5 class=\"tl-post-el-title\"><a href=\"https:\/\/boszniamagyarul.hu\/hu\/rafting-days\/\">VADV\u00cdZI EVEZ\u00c9S<\/a><\/h5>\r\n                            <\/div>\r\n                        <\/div>\r\n\t\t\t\t\t\t                        <div class=\"item\">\r\n                            <div class=\"position-re o-hidden position-re-order-blog\"> <div class=\"cd-pt-ab\"><img decoding=\"async\" src=\"https:\/\/boszniamagyarul.hu\/wp-content\/uploads\/2026\/03\/UNA-14.jpg\" alt=\"Mosaics of the Balkans\"><\/div>\r\n                                <div class=\"date\">\r\n                                    <a href=\"https:\/\/boszniamagyarul.hu\/hu\/mosaics-of-the-balkans\/\"> <span>m\u00e1rc<\/span> <i>26<\/i> <\/a>\r\n                                <\/div>\r\n                            <\/div>\r\n\t\t\t\t\t\t\t                            <div class=\"con\"> \r\n\t\t\t\t\t\t\t\t\t\t\t\t\t\t\t\t<span class=\"category\">\r\n\t\t\t\t\t\t\t\t                                    <a href=\"https:\/\/boszniamagyarul.hu\/hu\/category\/photo-gallery\/\">K\u00c9PGAL\u00c9RIA  <\/a>\r\n\t\t\t\t\t\t\t\t                                <\/span>\r\n\t\t\t\t\t\t\t\t                                <h5 class=\"tl-post-el-title\"><a href=\"https:\/\/boszniamagyarul.hu\/hu\/mosaics-of-the-balkans\/\">Balk\u00e1n Mozaik<\/a><\/h5>\r\n                            <\/div>\r\n                        <\/div>\r\n\t\t\t\t\t\t                    <\/div>\r\n                <\/div>\r\n            <\/div>\r\n\t\t<\/div>\r\n\t\t\r\n        \t\t\t\t<\/div>\n\t\t\t\t<\/div>\n\t\t\t\t<div class=\"elementor-element elementor-element-be22b5b elementor-widget elementor-widget-travol-blog-carousel\" data-id=\"be22b5b\" data-element_type=\"widget\" data-e-type=\"widget\" data-widget_type=\"travol-blog-carousel.default\">\n\t\t\t\t<div class=\"elementor-widget-container\">\n\t\t\t\t\t\t\t<div class=\"blog\">\r\n\t\t\t<div class=\"row\">\r\n                <div class=\"col-md-12\">\r\n                    <div class=\"owl-carousel owl-theme\" data-car-autoplay=\"false\" data-car-speed=\"500\" data-dots=\"false\" data-nav=\"true\" data-rtl=\"false\">\r\n\t\t\t\t\t\t                    <\/div>\r\n                <\/div>\r\n            <\/div>\r\n\t\t<\/div>\r\n\t\t\r\n        \t\t\t\t<\/div>\n\t\t\t\t<\/div>\n\t\t\t\t<\/div>\n\t\t\t\t\t<\/div>\n\t\t\t\t<\/div>\n\t\t<div class=\"elementor-element elementor-element-fe704d1 e-flex e-con-boxed e-con e-parent\" data-id=\"fe704d1\" data-element_type=\"container\" data-e-type=\"container\" data-settings=\"{&quot;background_background&quot;:&quot;classic&quot;}\">\n\t\t\t\t\t<div class=\"e-con-inner\">\n\t\t<div class=\"elementor-element elementor-element-0662751 e-con-full e-flex e-con e-child\" data-id=\"0662751\" data-element_type=\"container\" data-e-type=\"container\">\n\t\t\t\t<div class=\"elementor-element elementor-element-9f0a052 elementor-invisible elementor-widget elementor-widget-travol-sec-title\" data-id=\"9f0a052\" data-element_type=\"widget\" data-e-type=\"widget\" data-settings=\"{&quot;_animation&quot;:&quot;fadeIn&quot;}\" data-widget_type=\"travol-sec-title.default\">\n\t\t\t\t<div class=\"elementor-widget-container\">\n\t\t\t\t\t\t\t<div class=\"about text-left\">\n\t\t\t\t\t\t<h3 class=\"section-subtitle\">Boldogan mutatjuk be:<\/h3>\n\t\t\t\t\t\t            <h2 class=\"section-title\">our<span> sz\u00e1ll\u00e1shelyek<\/span><\/h2>\n\t\t\t\t\t<\/div>\n\t\t\t\t\t\t<\/div>\n\t\t\t\t<\/div>\n\t\t\t\t<div class=\"elementor-element elementor-element-f09ca6d elementor-invisible elementor-widget elementor-widget-travol-blog-carousel\" data-id=\"f09ca6d\" data-element_type=\"widget\" data-e-type=\"widget\" data-settings=\"{&quot;_animation&quot;:&quot;fadeIn&quot;}\" data-widget_type=\"travol-blog-carousel.default\">\n\t\t\t\t<div class=\"elementor-widget-container\">\n\t\t\t\t\t\t\t<div class=\"blog\">\r\n\t\t\t<div class=\"row\">\r\n                <div class=\"col-md-12\">\r\n                    <div class=\"owl-carousel owl-theme\" data-car-autoplay=\"true\" data-car-speed=\"500\" data-dots=\"true\" data-nav=\"true\" data-rtl=\"false\">\r\n\t\t\t\t\t\t                        <div class=\"item\">\r\n                            <div class=\"position-re o-hidden position-re-order-blog\"> <div class=\"cd-pt-ab\"><img decoding=\"async\" src=\"https:\/\/boszniamagyarul.hu\/wp-content\/uploads\/2026\/03\/bosznia-magyarul___villa-ena___000.webp\" alt=\"Villa ENA\"><\/div>\r\n                                <div class=\"date\">\r\n                                    <a href=\"https:\/\/boszniamagyarul.hu\/hu\/villa-ena\/\"> <span>m\u00e1rc<\/span> <i>25<\/i> <\/a>\r\n                                <\/div>\r\n                            <\/div>\r\n\t\t\t\t\t\t\t                            <div class=\"con\"> \r\n\t\t\t\t\t\t\t\t\t\t\t\t\t\t\t\t<span class=\"category\">\r\n\t\t\t\t\t\t\t\t                                    <a href=\"https:\/\/boszniamagyarul.hu\/hu\/category\/accommodations\/\">sz\u00e1ll\u00e1shelyek  <\/a>\r\n\t\t\t\t\t\t\t\t                                <\/span>\r\n\t\t\t\t\t\t\t\t                                <h5 class=\"tl-post-el-title\"><a href=\"https:\/\/boszniamagyarul.hu\/hu\/villa-ena\/\">Villa ENA<\/a><\/h5>\r\n                            <\/div>\r\n                        <\/div>\r\n\t\t\t\t\t\t                        <div class=\"item\">\r\n                            <div class=\"position-re o-hidden position-re-order-blog\"> <div class=\"cd-pt-ab\"><img decoding=\"async\" src=\"https:\/\/boszniamagyarul.hu\/wp-content\/uploads\/2026\/03\/bosznia-magyarul___villa_una_-1.webp\" alt=\"Villa UNA\"><\/div>\r\n                                <div class=\"date\">\r\n                                    <a href=\"https:\/\/boszniamagyarul.hu\/hu\/villa-una\/\"> <span>m\u00e1rc<\/span> <i>26<\/i> <\/a>\r\n                                <\/div>\r\n                            <\/div>\r\n\t\t\t\t\t\t\t                            <div class=\"con\"> \r\n\t\t\t\t\t\t\t\t\t\t\t\t\t\t\t\t<span class=\"category\">\r\n\t\t\t\t\t\t\t\t                                    <a href=\"https:\/\/boszniamagyarul.hu\/hu\/category\/accommodations\/\">sz\u00e1ll\u00e1shelyek  <\/a>\r\n\t\t\t\t\t\t\t\t                                <\/span>\r\n\t\t\t\t\t\t\t\t                                <h5 class=\"tl-post-el-title\"><a href=\"https:\/\/boszniamagyarul.hu\/hu\/villa-una\/\">Villa UNA<\/a><\/h5>\r\n                            <\/div>\r\n                        <\/div>\r\n\t\t\t\t\t\t                        <div class=\"item\">\r\n                            <div class=\"position-re o-hidden position-re-order-blog\"> <div class=\"cd-pt-ab\"><img decoding=\"async\" src=\"https:\/\/boszniamagyarul.hu\/wp-content\/uploads\/2026\/03\/bosznia-magyarul___villa_ina-1-1.webp\" alt=\"Villa INA\"><\/div>\r\n                                <div class=\"date\">\r\n                                    <a href=\"https:\/\/boszniamagyarul.hu\/hu\/villa-ina\/\"> <span>m\u00e1rc<\/span> <i>26<\/i> <\/a>\r\n                                <\/div>\r\n                            <\/div>\r\n\t\t\t\t\t\t\t                            <div class=\"con\"> \r\n\t\t\t\t\t\t\t\t\t\t\t\t\t\t\t\t<span class=\"category\">\r\n\t\t\t\t\t\t\t\t                                    <a href=\"https:\/\/boszniamagyarul.hu\/hu\/category\/accommodations\/\">sz\u00e1ll\u00e1shelyek  <\/a>\r\n\t\t\t\t\t\t\t\t                                <\/span>\r\n\t\t\t\t\t\t\t\t                                <h5 class=\"tl-post-el-title\"><a href=\"https:\/\/boszniamagyarul.hu\/hu\/villa-ina\/\">Villa INA<\/a><\/h5>\r\n                            <\/div>\r\n                        <\/div>\r\n\t\t\t\t\t\t                        <div class=\"item\">\r\n                            <div class=\"position-re o-hidden position-re-order-blog\"> <div class=\"cd-pt-ab\"><img decoding=\"async\" src=\"https:\/\/boszniamagyarul.hu\/wp-content\/uploads\/2026\/03\/bosznia_magyarul___big-house-1.webp\" alt=\"BIG HOUSE\"><\/div>\r\n                                <div class=\"date\">\r\n                                    <a href=\"https:\/\/boszniamagyarul.hu\/hu\/big-house\/\"> <span>m\u00e1rc<\/span> <i>26<\/i> <\/a>\r\n                                <\/div>\r\n                            <\/div>\r\n\t\t\t\t\t\t\t                            <div class=\"con\"> \r\n\t\t\t\t\t\t\t\t\t\t\t\t\t\t\t\t<span class=\"category\">\r\n\t\t\t\t\t\t\t\t                                    <a href=\"https:\/\/boszniamagyarul.hu\/hu\/category\/accommodations\/\">sz\u00e1ll\u00e1shelyek  <\/a>\r\n\t\t\t\t\t\t\t\t                                <\/span>\r\n\t\t\t\t\t\t\t\t                                <h5 class=\"tl-post-el-title\"><a href=\"https:\/\/boszniamagyarul.hu\/hu\/big-house\/\">A NAGY H\u00c1Z<\/a><\/h5>\r\n                            <\/div>\r\n                        <\/div>\r\n\t\t\t\t\t\t                        <div class=\"item\">\r\n                            <div class=\"position-re o-hidden position-re-order-blog\"> <div class=\"cd-pt-ab\"><img decoding=\"async\" src=\"https:\/\/boszniamagyarul.hu\/wp-content\/uploads\/2026\/03\/bosznia_magyarul___bazis-1.webp\" alt=\"BASE &#038; DINING\"><\/div>\r\n                                <div class=\"date\">\r\n                                    <a href=\"https:\/\/boszniamagyarul.hu\/hu\/base-dining\/\"> <span>m\u00e1rc<\/span> <i>26<\/i> <\/a>\r\n                                <\/div>\r\n                            <\/div>\r\n\t\t\t\t\t\t\t                            <div class=\"con\"> \r\n\t\t\t\t\t\t\t\t\t\t\t\t\t\t\t\t<span class=\"category\">\r\n\t\t\t\t\t\t\t\t                                    <a href=\"https:\/\/boszniamagyarul.hu\/hu\/category\/accommodations\/\">sz\u00e1ll\u00e1shelyek  <\/a>\r\n\t\t\t\t\t\t\t\t                                <\/span>\r\n\t\t\t\t\t\t\t\t                                <h5 class=\"tl-post-el-title\"><a href=\"https:\/\/boszniamagyarul.hu\/hu\/base-dining\/\">B\u00c1ZIS \u00c9S \u00c9TKEZ\u0150<\/a><\/h5>\r\n                            <\/div>\r\n                        <\/div>\r\n\t\t\t\t\t\t                    <\/div>\r\n                <\/div>\r\n            <\/div>\r\n\t\t<\/div>\r\n\t\t\r\n        \t\t\t\t<\/div>\n\t\t\t\t<\/div>\n\t\t\t\t<div class=\"elementor-element elementor-element-98766eb elementor-widget elementor-widget-travol-blog-carousel\" data-id=\"98766eb\" data-element_type=\"widget\" data-e-type=\"widget\" data-widget_type=\"travol-blog-carousel.default\">\n\t\t\t\t<div class=\"elementor-widget-container\">\n\t\t\t\t\t\t\t<div class=\"blog\">\r\n\t\t\t<div class=\"row\">\r\n                <div class=\"col-md-12\">\r\n                    <div class=\"owl-carousel owl-theme\" data-car-autoplay=\"false\" data-car-speed=\"500\" data-dots=\"false\" data-nav=\"true\" data-rtl=\"false\">\r\n\t\t\t\t\t\t                    <\/div>\r\n                <\/div>\r\n            <\/div>\r\n\t\t<\/div>\r\n\t\t\r\n        \t\t\t\t<\/div>\n\t\t\t\t<\/div>\n\t\t\t\t<\/div>\n\t\t\t\t\t<\/div>\n\t\t\t\t<\/div>\n\t\t\t\t<\/div>","protected":false},"excerpt":{"rendered":"<p>we are happy to present ALL TOURS m\u00e1rc 10 photo gallery rafting days we are happy to present our Accommodations m\u00e1rc 25 Accommodations Villa Ena<\/p>","protected":false},"author":1,"featured_media":0,"parent":0,"menu_order":12,"comment_status":"closed","ping_status":"closed","template":"","meta":{"footnotes":""},"class_list":["post-679","page","type-page","status-publish","hentry"],"yoast_head":"<!-- This site is optimized with the Yoast SEO Premium plugin v27.2 (Yoast SEO v27.2) - https:\/\/yoast.com\/product\/yoast-seo-premium-wordpress\/ -->\n<title>Photos Galleries - Bosznia Magyarul<\/title>\n<meta name=\"robots\" content=\"noindex, follow, max-snippet:-1, max-image-preview:large, max-video-preview:-1\" \/>\n<meta property=\"og:locale\" content=\"hu_HU\" \/>\n<meta property=\"og:type\" content=\"article\" \/>\n<meta property=\"og:title\" content=\"Photos Galleries\" \/>\n<meta property=\"og:description\" content=\"we are happy to present ALL TOURS m\u00e1rc 10 photo gallery rafting days we are happy to present our Accommodations m\u00e1rc 25 Accommodations Villa Ena\" \/>\n<meta property=\"og:url\" content=\"https:\/\/boszniamagyarul.hu\/hu\/photos-galleries\/\" \/>\n<meta property=\"og:site_name\" content=\"Bosznia Magyarul\" \/>\n<meta property=\"article:modified_time\" content=\"2026-03-25T15:14:43+00:00\" \/>\n<meta property=\"og:image\" content=\"https:\/\/boszniamagyarul.hu\/wp-content\/uploads\/2026\/03\/UNA-14.jpg\" \/>\n<meta name=\"twitter:card\" content=\"summary_large_image\" \/>\n<script type=\"application\/ld+json\" class=\"yoast-schema-graph\">{\"@context\":\"https:\/\/schema.org\",\"@graph\":[{\"@type\":\"WebPage\",\"@id\":\"https:\/\/boszniamagyarul.hu\/photos-galleries\/\",\"url\":\"https:\/\/boszniamagyarul.hu\/photos-galleries\/\",\"name\":\"Photos Galleries - Bosznia Magyarul\",\"isPartOf\":{\"@id\":\"https:\/\/boszniamagyarul.hu\/#website\"},\"primaryImageOfPage\":{\"@id\":\"https:\/\/boszniamagyarul.hu\/photos-galleries\/#primaryimage\"},\"image\":{\"@id\":\"https:\/\/boszniamagyarul.hu\/photos-galleries\/#primaryimage\"},\"thumbnailUrl\":\"https:\/\/boszniamagyarul.hu\/wp-content\/uploads\/2026\/03\/UNA-14.jpg\",\"datePublished\":\"2022-09-07T16:57:20+00:00\",\"dateModified\":\"2026-03-25T15:14:43+00:00\",\"breadcrumb\":{\"@id\":\"https:\/\/boszniamagyarul.hu\/photos-galleries\/#breadcrumb\"},\"inLanguage\":\"hu\",\"potentialAction\":[{\"@type\":\"ReadAction\",\"target\":[\"https:\/\/boszniamagyarul.hu\/photos-galleries\/\"]}]},{\"@type\":\"ImageObject\",\"inLanguage\":\"hu\",\"@id\":\"https:\/\/boszniamagyarul.hu\/photos-galleries\/#primaryimage\",\"url\":\"https:\/\/boszniamagyarul.hu\/wp-content\/uploads\/2026\/03\/UNA-14.jpg\",\"contentUrl\":\"https:\/\/boszniamagyarul.hu\/wp-content\/uploads\/2026\/03\/UNA-14.jpg\"},{\"@type\":\"BreadcrumbList\",\"@id\":\"https:\/\/boszniamagyarul.hu\/photos-galleries\/#breadcrumb\",\"itemListElement\":[{\"@type\":\"ListItem\",\"position\":1,\"name\":\"Kezd\u0151lap\",\"item\":\"https:\/\/boszniamagyarul.hu\/\"},{\"@type\":\"ListItem\",\"position\":2,\"name\":\"Photos Galleries\"}]},{\"@type\":\"WebSite\",\"@id\":\"https:\/\/boszniamagyarul.hu\/#website\",\"url\":\"https:\/\/boszniamagyarul.hu\/\",\"name\":\"Bosznia Magyarul\",\"description\":\"\",\"potentialAction\":[{\"@type\":\"SearchAction\",\"target\":{\"@type\":\"EntryPoint\",\"urlTemplate\":\"https:\/\/boszniamagyarul.hu\/?s={search_term_string}\"},\"query-input\":{\"@type\":\"PropertyValueSpecification\",\"valueRequired\":true,\"valueName\":\"search_term_string\"}}],\"inLanguage\":\"hu\"}]}<\/script>\n<!-- \/ Yoast SEO Premium plugin. -->","yoast_head_json":{"title":"Photos Galleries - Bosznia Magyarul","robots":{"index":"noindex","follow":"follow","max-snippet":"max-snippet:-1","max-image-preview":"max-image-preview:large","max-video-preview":"max-video-preview:-1"},"og_locale":"hu_HU","og_type":"article","og_title":"Photos Galleries","og_description":"we are happy to present ALL TOURS m\u00e1rc 10 photo gallery rafting days we are happy to present our Accommodations m\u00e1rc 25 Accommodations Villa Ena","og_url":"https:\/\/boszniamagyarul.hu\/hu\/photos-galleries\/","og_site_name":"Bosznia Magyarul","article_modified_time":"2026-03-25T15:14:43+00:00","og_image":[{"url":"https:\/\/boszniamagyarul.hu\/wp-content\/uploads\/2026\/03\/UNA-14.jpg","type":"","width":"","height":""}],"twitter_card":"summary_large_image","schema":{"@context":"https:\/\/schema.org","@graph":[{"@type":"WebPage","@id":"https:\/\/boszniamagyarul.hu\/photos-galleries\/","url":"https:\/\/boszniamagyarul.hu\/photos-galleries\/","name":"Photos Galleries - Bosznia Magyarul","isPartOf":{"@id":"https:\/\/boszniamagyarul.hu\/#website"},"primaryImageOfPage":{"@id":"https:\/\/boszniamagyarul.hu\/photos-galleries\/#primaryimage"},"image":{"@id":"https:\/\/boszniamagyarul.hu\/photos-galleries\/#primaryimage"},"thumbnailUrl":"https:\/\/boszniamagyarul.hu\/wp-content\/uploads\/2026\/03\/UNA-14.jpg","datePublished":"2022-09-07T16:57:20+00:00","dateModified":"2026-03-25T15:14:43+00:00","breadcrumb":{"@id":"https:\/\/boszniamagyarul.hu\/photos-galleries\/#breadcrumb"},"inLanguage":"hu","potentialAction":[{"@type":"ReadAction","target":["https:\/\/boszniamagyarul.hu\/photos-galleries\/"]}]},{"@type":"ImageObject","inLanguage":"hu","@id":"https:\/\/boszniamagyarul.hu\/photos-galleries\/#primaryimage","url":"https:\/\/boszniamagyarul.hu\/wp-content\/uploads\/2026\/03\/UNA-14.jpg","contentUrl":"https:\/\/boszniamagyarul.hu\/wp-content\/uploads\/2026\/03\/UNA-14.jpg"},{"@type":"BreadcrumbList","@id":"https:\/\/boszniamagyarul.hu\/photos-galleries\/#breadcrumb","itemListElement":[{"@type":"ListItem","position":1,"name":"Kezd\u0151lap","item":"https:\/\/boszniamagyarul.hu\/"},{"@type":"ListItem","position":2,"name":"Photos Galleries"}]},{"@type":"WebSite","@id":"https:\/\/boszniamagyarul.hu\/#website","url":"https:\/\/boszniamagyarul.hu\/","name":"Bosznia Magyarul","description":"","potentialAction":[{"@type":"SearchAction","target":{"@type":"EntryPoint","urlTemplate":"https:\/\/boszniamagyarul.hu\/?s={search_term_string}"},"query-input":{"@type":"PropertyValueSpecification","valueRequired":true,"valueName":"search_term_string"}}],"inLanguage":"hu"}]}},"meta_box":[],"_links":{"self":[{"href":"https:\/\/boszniamagyarul.hu\/hu\/wp-json\/wp\/v2\/pages\/679","targetHints":{"allow":["GET"]}}],"collection":[{"href":"https:\/\/boszniamagyarul.hu\/hu\/wp-json\/wp\/v2\/pages"}],"about":[{"href":"https:\/\/boszniamagyarul.hu\/hu\/wp-json\/wp\/v2\/types\/page"}],"author":[{"embeddable":true,"href":"https:\/\/boszniamagyarul.hu\/hu\/wp-json\/wp\/v2\/users\/1"}],"replies":[{"embeddable":true,"href":"https:\/\/boszniamagyarul.hu\/hu\/wp-json\/wp\/v2\/comments?post=679"}],"version-history":[{"count":42,"href":"https:\/\/boszniamagyarul.hu\/hu\/wp-json\/wp\/v2\/pages\/679\/revisions"}],"predecessor-version":[{"id":2200,"href":"https:\/\/boszniamagyarul.hu\/hu\/wp-json\/wp\/v2\/pages\/679\/revisions\/2200"}],"wp:attachment":[{"href":"https:\/\/boszniamagyarul.hu\/hu\/wp-json\/wp\/v2\/media?parent=679"}],"curies":[{"name":"wp","href":"https:\/\/api.w.org\/{rel}","templated":true}]}}