{"id":381,"date":"2022-08-10T16:15:15","date_gmt":"2022-08-10T16:15:15","guid":{"rendered":"https:\/\/webredox.net\/demo\/wp\/travol\/tours-list-copy\/"},"modified":"2026-03-24T21:11:03","modified_gmt":"2026-03-24T20:11:03","slug":"tours-grid","status":"publish","type":"page","link":"https:\/\/boszniamagyarul.hu\/hu\/tours-grid\/","title":{"rendered":"Tours Grid"},"content":{"rendered":"<div data-elementor-type=\"wp-page\" data-elementor-id=\"381\" class=\"elementor elementor-381\" data-elementor-post-type=\"page\">\n\t\t\t\t<div class=\"elementor-element elementor-element-7fea6f6 e-flex e-con-boxed e-con e-parent\" data-id=\"7fea6f6\" data-element_type=\"container\" data-e-type=\"container\">\n\t\t\t\t\t<div class=\"e-con-inner\">\n\t\t\t\t<div class=\"elementor-element elementor-element-1f913da elementor-invisible elementor-widget elementor-widget-travol-sec-title\" data-id=\"1f913da\" data-element_type=\"widget\" data-e-type=\"widget\" data-settings=\"{&quot;_animation&quot;:&quot;fadeIn&quot;,&quot;_animation_delay&quot;:1}\" data-widget_type=\"travol-sec-title.default\">\n\t\t\t\t<div class=\"elementor-widget-container\">\n\t\t\t\t\t\t\t<div class=\"about text-left\">\n\t\t\t\t\t\t<h3 class=\"section-subtitle\">EZEK AZ UTAK \u00d6NRE V\u00c1RNAK<\/h3>\n\t\t\t\t\t\t            <h2 class=\"section-title\">AKTU\u00c1LIS   <span>T\u00daRA<\/span><\/h2>\n\t\t\t\t\t<\/div>\n\t\t\t\t\t\t<\/div>\n\t\t\t\t<\/div>\n\t\t\t\t\t<\/div>\n\t\t\t\t<\/div>\n\t\t<div class=\"elementor-element elementor-element-b076cef e-flex e-con-boxed e-con e-parent\" data-id=\"b076cef\" data-element_type=\"container\" data-e-type=\"container\" data-settings=\"{&quot;background_background&quot;:&quot;classic&quot;}\">\n\t\t\t\t\t<div class=\"e-con-inner\">\n\t\t<div class=\"elementor-element elementor-element-c40c9ab e-con-full e-flex e-con e-child\" data-id=\"c40c9ab\" data-element_type=\"container\" data-e-type=\"container\">\n\t\t<div class=\"elementor-element elementor-element-e574374 e-con-full e-flex e-con e-child\" data-id=\"e574374\" data-element_type=\"container\" data-e-type=\"container\">\n\t\t\t\t<div class=\"elementor-element elementor-element-7fa0323 elementor-widget elementor-widget-travol-tour-flip-box\" data-id=\"7fa0323\" data-element_type=\"widget\" data-e-type=\"widget\" data-widget_type=\"travol-tour-flip-box.default\">\n\t\t\t\t<div class=\"elementor-widget-container\">\n\t\t\t\t\t\t\t<div class=\"tours3\">\n\t\t<div class=\"container-after-flip-box\">\n\t\t\t\t\t\t<div class=\"row isotope-items-wrap  no-hide-last loadmore-wrapper-flip\" data-load-item=\"6\" data-button-text=\"Load More\">\n\t\t\t\t\t\t\t\t<div class=\"col-md-6 isotope-item\">\n                    <div class=\"square-flip\">\n                        <div class=\"square bg-img bg-img-d\" data-background=\"https:\/\/boszniamagyarul.hu\/wp-content\/uploads\/2026\/03\/UNA-7.jpg\"> <span class=\"category\"><a>UNA foly\u00f3 Plitvicei-tavak  <\/a><\/span>\n                            <div class=\"square-container d-flex align-items-end justify-content-end\">\n                                <div class=\"box-title\">\n                                    <h4>Raftingol\u00e1s az UNA foly\u00f3n<\/h4>\n                                    \t\t\t\t\t\t\t\t\t<h6>185 EUR \/ 260 EUR \/ szem\u00e9lyenk\u00e9nt<\/h6>\n\t\t\t\t\t\t\t\t\t                                <\/div>\n                            <\/div>\n                            <div class=\"flip-overlay\"><\/div>\n                        <\/div>\n                        <div class=\"square2 bg-white\">\n                            <div class=\"square-container2\">\n                                <h4>Raftingol\u00e1s az UNA foly\u00f3n<\/h4>\n\t\t\t\t\t\t\t\t                                <h6>185 EUR \/ 260 EUR \/ szem\u00e9lyenk\u00e9nt<\/h6>\n\t\t\t\t\t\t\t\t                                                                <div class=\"row tour-list mb-30\">\n                                    \t\t\t\t\t\t\t\t\t<div class=\"col col-md-6\">\n                                        <ul>\n                                            \t\t\t\t\t\t\t\t\t\t\t<li><i class=\"ti-time\"><\/i> 3 nap \/ 2 \u00e9jszaka<\/li>\n\t\t\t\t\t\t\t\t\t\t\t                                                                                    <\/ul>\n                                    <\/div>\n\t\t\t\t\t\t\t\t\t                                    <div class=\"col col-md-6\">\n                                        <ul>\n                                            \t\t\t\t\t\t\t\t\t\t\t<li><i class=\"ti-location-pin\"><\/i> \n\t\t\t\t\t\t\t\t\t\t\t\t\t\t\t\t\t\t\t\t\t\t<a href=\"https:\/\/boszniamagyarul.hu\/hu\/tour_destination\/una-river\/\">UNA foly\u00f3<\/a>\n\t\t\t\t\t\t\t\t\t\t\t\t\t\t\t\t\t\t\t\t\t\t<a href=\"https:\/\/boszniamagyarul.hu\/hu\/tour_destination\/plitvice-lakes\/\">Plitvicei tavak<\/a>\n\t\t\t\t\t\t\t\t\t\t\t\t\t\t\t\t\t\t\t\t\t\t<\/li>\n\t\t\t\t\t\t\t\t\t\t\t                                            \t\t\t\t\t\t\t\t\t\t\t\t<li><i class=\"ti-face-smile\"><\/i> 9,9<\/li>\n\t\t\t\t\t\t\t\t\t\t\t                                        <\/ul>\n                                    <\/div>\n                                <\/div>\n                                <div class=\"btn-line\"><a href=\"https:\/\/boszniamagyarul.hu\/hu\/tour\/rafting_on_the_una_river_plitvice_lakesrafting\/\">A t\u00fara r\u00e9szletei<\/a><\/div>\n                            <\/div>\n                        <\/div>\n                    <\/div>\n                <\/div>\n\t\t\t\t\t\n\t\t\t<\/div>\n\t\t<\/div>\n\t\t<\/div>\n\t\t\n\t\t\t\t\t\t<\/div>\n\t\t\t\t<\/div>\n\t\t\t\t<\/div>\n\t\t<div class=\"elementor-element elementor-element-fe9b76c e-con-full e-flex e-con e-child\" data-id=\"fe9b76c\" data-element_type=\"container\" data-e-type=\"container\">\n\t\t\t\t<div class=\"elementor-element elementor-element-4b1b8d9 elementor-widget elementor-widget-travol-search-form\" data-id=\"4b1b8d9\" data-element_type=\"widget\" data-e-type=\"widget\" data-widget_type=\"travol-search-form.default\">\n\t\t\t\t<div class=\"elementor-widget-container\">\n\t\t\t\t\t\t\t\t\t\n        <div class=\"right-sidebar\">\n            <div class=\"right-sidebar item\">\n                \t\t\t\t\t<h3><span class=\"right-sidebar\">Tervezze meg utaz\u00e1s\u00e1t<\/span><\/h3>\n\t\t\t\t                <form action=\"https:\/\/boszniamagyarul.hu\/hu\/\" method=\"get\" class=\"right-sidebar item-form vc_template\" data-trp-original-action=\"https:\/\/boszniamagyarul.hu\/hu\/\" >\n\t\t\t\t\t\t\t\t\t\t\t\t\t\t\t\t\n                    <div class=\"row\">\n\t\t\t\t\t\t\n\t\t\t\t\t\t\t\t\t\t\t\t<div class=\"col-md-12 form-group select1_inner\">\n\t\t\t\t\t\t<input type=\"hidden\" name=\"s\" value=\"\" \/>\n\t\t\t\t\t\t\t<select class=\"select2 select\" name=\"tour_type_ids\">\n\t\t\t\t\t\t\t\t<option value=\"0\">T\u00fara t\u00edpus<\/option>\n\t\t\t\t\t\t\t\t\t\t\t\t\t\t\t\t<option value=\"57\">S\u00edel\u00e9s, t\u00e9li t\u00far\u00e1k<\/option>\n\t\t\t\t\t\t\t\t\t\t\t\t\t\t\t\t<option value=\"46\">Rafting t\u00fara<\/option>\n\t\t\t\t\t\t\t\t\t\t\t\t\t\t\t\t<option value=\"47\">Horg\u00e1szat<\/option>\n\t\t\t\t\t\t\t\t\t\t\t\t\t\t\t\t<option value=\"48\">Quad t\u00fara<\/option>\n\t\t\t\t\t\t\t\t\t\t\t\t\t\t\t\t<option value=\"44\">Ker\u00e9kp\u00e1rt\u00fara<\/option>\n\t\t\t\t\t\t\t\t\t\t\t\t\t\t\t\t<option value=\"49\">Gyalogt\u00fara<\/option>\n\t\t\t\t\t\t\t\t\t\t\t\t\t\t\t\t<option value=\"61\">Mandarin sz\u00fcret<\/option>\n\t\t\t\t\t\t\t\t\t\t\t\t\t\t\t\t<option value=\"56\">Kor\u00e1bbi utaz\u00e1sok<\/option>\n\t\t\t\t\t\t\t\t\t\t\t\t\t\t\t<\/select>\n\t\t\t\t\t\t<\/div>\n\t\t\t\t\t\t\t\t\t\t\t\t                        <div class=\"col-md-12 form-group select1_inner\">\n                            <select class=\"select2 select\" name=\"tour_destination_ids\">\n                                <option value=\"0\">Helysz\u00ednek<\/option>\n\t\t\t\t\t\t\t\t                                <option value=\"60\">UNA foly\u00f3<\/option>\n\t\t\t\t\t\t\t\t                                <option value=\"58\">Plitvicei tavak<\/option>\n\t\t\t\t\t\t\t\t                            <\/select>\n                        <\/div>\n\t\t\t\t\t\t\t\t\t\t\t\t\n\t\t\t\t\t\t\t\t\t\t\t\t<div class=\"col-md-12 form-group select1_inner select_month_inner\">\n\t\t\t\t\t\t\t<select class=\"select2 select\" name=\"tour_month_ids\">\n\t\t\t\t\t\t\t\t<option value=\"0\">H\u00f3nap<\/option>\n\t\t\t\t\t\t\t\t\t\t\t\t\t\t\t\t<option value=\"29\">Janu\u00e1r<\/option>\n\t\t\t\t\t\t\t\t\t\t\t\t\t\t\t\t<option value=\"24\">February<\/option>\n\t\t\t\t\t\t\t\t\t\t\t\t\t\t\t\t<option value=\"33\">M\u00e1rcius<\/option>\n\t\t\t\t\t\t\t\t\t\t\t\t\t\t\t\t<option value=\"16\">\u00c1prilis<\/option>\n\t\t\t\t\t\t\t\t\t\t\t\t\t\t\t\t<option value=\"34\">M\u00e1jus<\/option>\n\t\t\t\t\t\t\t\t\t\t\t\t\t\t\t\t<option value=\"31\">J\u00fanius<\/option>\n\t\t\t\t\t\t\t\t\t\t\t\t\t\t\t\t<option value=\"30\">J\u00falius<\/option>\n\t\t\t\t\t\t\t\t\t\t\t\t\t\t\t\t<option value=\"17\">Augusztus<\/option>\n\t\t\t\t\t\t\t\t\t\t\t\t\t\t\t\t<option value=\"40\">Szeptember<\/option>\n\t\t\t\t\t\t\t\t\t\t\t\t\t\t\t\t<option value=\"37\">Okt\u00f3ber<\/option>\n\t\t\t\t\t\t\t\t\t\t\t\t\t\t\t\t<option value=\"36\">November<\/option>\n\t\t\t\t\t\t\t\t\t\t\t\t\t\t\t\t<option value=\"22\">December<\/option>\n\t\t\t\t\t\t\t\t\t\t\t\t\t\t\t<\/select>\n\t\t\t\t\t\t<\/div>\n\t\t\t\t\t\t\t\t\t\t\t\t<div class=\"col-md-12\">\n\t\t\t\t\t\t\t<input type=\"hidden\" name=\"post_type\" value=\"tours\" \/>\n                            <button class=\"butn-dark\"><a href=\"#0\"><span>Keres\u00e9s<\/span><\/a><\/button>\n                        <\/div>\n                    <\/div>\n                <input type=\"hidden\" name=\"trp-form-language\" value=\"hu\"\/><\/form>\n            <\/div>\n        <\/div>\n                   \n\t\t\n        \t\t\t\t<\/div>\n\t\t\t\t<\/div>\n\t\t\t\t<\/div>\n\t\t\t\t<\/div>\n\t\t\t\t\t<\/div>\n\t\t\t\t<\/div>\n\t\t\t\t<\/div>","protected":false},"excerpt":{"rendered":"<p>These roads are waiting for you. Current TOURS UNA River Plitvice Lakes Rafting on the UNA River \/ Plitvice Lakes 185 EUR \/ 260 EUR \/ per persons Rafting on the UNA River \/ Plitvice Lakes 185 EUR \/ 260 EUR \/ per persons&#8230;<\/p>","protected":false},"author":1,"featured_media":1432,"parent":0,"menu_order":22,"comment_status":"closed","ping_status":"closed","template":"","meta":{"footnotes":""},"class_list":["post-381","page","type-page","status-publish","has-post-thumbnail","hentry"],"yoast_head":"<!-- This site is optimized with the Yoast SEO Premium plugin v27.2 (Yoast SEO v27.2) - https:\/\/yoast.com\/product\/yoast-seo-premium-wordpress\/ -->\n<title>Tours Grid - Bosznia Magyarul<\/title>\n<meta name=\"robots\" content=\"noindex, follow, max-snippet:-1, max-image-preview:large, max-video-preview:-1\" \/>\n<meta property=\"og:locale\" content=\"hu_HU\" \/>\n<meta property=\"og:type\" content=\"article\" \/>\n<meta property=\"og:title\" content=\"Tours Grid\" \/>\n<meta property=\"og:description\" content=\"These roads are waiting for you. Current TOURS UNA River Plitvice Lakes Rafting on the UNA River \/ Plitvice Lakes 185 EUR \/ 260 EUR \/ per persons Rafting on the UNA River \/ Plitvice Lakes 185 EUR \/ 260 EUR \/ per persons...\" \/>\n<meta property=\"og:url\" content=\"https:\/\/boszniamagyarul.hu\/hu\/tours-grid\/\" \/>\n<meta property=\"og:site_name\" content=\"Bosznia Magyarul\" \/>\n<meta property=\"article:modified_time\" content=\"2026-03-24T20:11:03+00:00\" \/>\n<meta property=\"og:image\" content=\"https:\/\/boszniamagyarul.hu\/wp-content\/uploads\/2026\/03\/husvet_bg_001-1-scaled.webp\" \/>\n\t<meta property=\"og:image:width\" content=\"2560\" \/>\n\t<meta property=\"og:image:height\" content=\"788\" \/>\n\t<meta property=\"og:image:type\" content=\"image\/webp\" \/>\n<meta name=\"twitter:card\" content=\"summary_large_image\" \/>\n<script type=\"application\/ld+json\" class=\"yoast-schema-graph\">{\"@context\":\"https:\/\/schema.org\",\"@graph\":[{\"@type\":\"WebPage\",\"@id\":\"https:\/\/boszniamagyarul.hu\/tours-grid\/\",\"url\":\"https:\/\/boszniamagyarul.hu\/tours-grid\/\",\"name\":\"Tours Grid - Bosznia Magyarul\",\"isPartOf\":{\"@id\":\"https:\/\/boszniamagyarul.hu\/#website\"},\"primaryImageOfPage\":{\"@id\":\"https:\/\/boszniamagyarul.hu\/tours-grid\/#primaryimage\"},\"image\":{\"@id\":\"https:\/\/boszniamagyarul.hu\/tours-grid\/#primaryimage\"},\"thumbnailUrl\":\"https:\/\/boszniamagyarul.hu\/wp-content\/uploads\/2026\/03\/husvet_bg_001-1-scaled.webp\",\"datePublished\":\"2022-08-10T16:15:15+00:00\",\"dateModified\":\"2026-03-24T20:11:03+00:00\",\"breadcrumb\":{\"@id\":\"https:\/\/boszniamagyarul.hu\/tours-grid\/#breadcrumb\"},\"inLanguage\":\"hu\",\"potentialAction\":[{\"@type\":\"ReadAction\",\"target\":[\"https:\/\/boszniamagyarul.hu\/tours-grid\/\"]}]},{\"@type\":\"ImageObject\",\"inLanguage\":\"hu\",\"@id\":\"https:\/\/boszniamagyarul.hu\/tours-grid\/#primaryimage\",\"url\":\"https:\/\/boszniamagyarul.hu\/wp-content\/uploads\/2026\/03\/husvet_bg_001-1-scaled.webp\",\"contentUrl\":\"https:\/\/boszniamagyarul.hu\/wp-content\/uploads\/2026\/03\/husvet_bg_001-1-scaled.webp\",\"width\":2560,\"height\":788},{\"@type\":\"BreadcrumbList\",\"@id\":\"https:\/\/boszniamagyarul.hu\/tours-grid\/#breadcrumb\",\"itemListElement\":[{\"@type\":\"ListItem\",\"position\":1,\"name\":\"Kezd\u0151lap\",\"item\":\"https:\/\/boszniamagyarul.hu\/\"},{\"@type\":\"ListItem\",\"position\":2,\"name\":\"Tours Grid\"}]},{\"@type\":\"WebSite\",\"@id\":\"https:\/\/boszniamagyarul.hu\/#website\",\"url\":\"https:\/\/boszniamagyarul.hu\/\",\"name\":\"Bosznia Magyarul\",\"description\":\"\",\"potentialAction\":[{\"@type\":\"SearchAction\",\"target\":{\"@type\":\"EntryPoint\",\"urlTemplate\":\"https:\/\/boszniamagyarul.hu\/?s={search_term_string}\"},\"query-input\":{\"@type\":\"PropertyValueSpecification\",\"valueRequired\":true,\"valueName\":\"search_term_string\"}}],\"inLanguage\":\"hu\"}]}<\/script>\n<!-- \/ Yoast SEO Premium plugin. -->","yoast_head_json":{"title":"Tours Grid - Bosznia Magyarul","robots":{"index":"noindex","follow":"follow","max-snippet":"max-snippet:-1","max-image-preview":"max-image-preview:large","max-video-preview":"max-video-preview:-1"},"og_locale":"hu_HU","og_type":"article","og_title":"Tours Grid","og_description":"These roads are waiting for you. Current TOURS UNA River Plitvice Lakes Rafting on the UNA River \/ Plitvice Lakes 185 EUR \/ 260 EUR \/ per persons Rafting on the UNA River \/ Plitvice Lakes 185 EUR \/ 260 EUR \/ per persons...","og_url":"https:\/\/boszniamagyarul.hu\/hu\/tours-grid\/","og_site_name":"Bosznia Magyarul","article_modified_time":"2026-03-24T20:11:03+00:00","og_image":[{"width":2560,"height":788,"url":"https:\/\/boszniamagyarul.hu\/wp-content\/uploads\/2026\/03\/husvet_bg_001-1-scaled.webp","type":"image\/webp"}],"twitter_card":"summary_large_image","schema":{"@context":"https:\/\/schema.org","@graph":[{"@type":"WebPage","@id":"https:\/\/boszniamagyarul.hu\/tours-grid\/","url":"https:\/\/boszniamagyarul.hu\/tours-grid\/","name":"Tours Grid - Bosznia Magyarul","isPartOf":{"@id":"https:\/\/boszniamagyarul.hu\/#website"},"primaryImageOfPage":{"@id":"https:\/\/boszniamagyarul.hu\/tours-grid\/#primaryimage"},"image":{"@id":"https:\/\/boszniamagyarul.hu\/tours-grid\/#primaryimage"},"thumbnailUrl":"https:\/\/boszniamagyarul.hu\/wp-content\/uploads\/2026\/03\/husvet_bg_001-1-scaled.webp","datePublished":"2022-08-10T16:15:15+00:00","dateModified":"2026-03-24T20:11:03+00:00","breadcrumb":{"@id":"https:\/\/boszniamagyarul.hu\/tours-grid\/#breadcrumb"},"inLanguage":"hu","potentialAction":[{"@type":"ReadAction","target":["https:\/\/boszniamagyarul.hu\/tours-grid\/"]}]},{"@type":"ImageObject","inLanguage":"hu","@id":"https:\/\/boszniamagyarul.hu\/tours-grid\/#primaryimage","url":"https:\/\/boszniamagyarul.hu\/wp-content\/uploads\/2026\/03\/husvet_bg_001-1-scaled.webp","contentUrl":"https:\/\/boszniamagyarul.hu\/wp-content\/uploads\/2026\/03\/husvet_bg_001-1-scaled.webp","width":2560,"height":788},{"@type":"BreadcrumbList","@id":"https:\/\/boszniamagyarul.hu\/tours-grid\/#breadcrumb","itemListElement":[{"@type":"ListItem","position":1,"name":"Kezd\u0151lap","item":"https:\/\/boszniamagyarul.hu\/"},{"@type":"ListItem","position":2,"name":"Tours Grid"}]},{"@type":"WebSite","@id":"https:\/\/boszniamagyarul.hu\/#website","url":"https:\/\/boszniamagyarul.hu\/","name":"Bosznia Magyarul","description":"","potentialAction":[{"@type":"SearchAction","target":{"@type":"EntryPoint","urlTemplate":"https:\/\/boszniamagyarul.hu\/?s={search_term_string}"},"query-input":{"@type":"PropertyValueSpecification","valueRequired":true,"valueName":"search_term_string"}}],"inLanguage":"hu"}]}},"meta_box":[],"_links":{"self":[{"href":"https:\/\/boszniamagyarul.hu\/hu\/wp-json\/wp\/v2\/pages\/381","targetHints":{"allow":["GET"]}}],"collection":[{"href":"https:\/\/boszniamagyarul.hu\/hu\/wp-json\/wp\/v2\/pages"}],"about":[{"href":"https:\/\/boszniamagyarul.hu\/hu\/wp-json\/wp\/v2\/types\/page"}],"author":[{"embeddable":true,"href":"https:\/\/boszniamagyarul.hu\/hu\/wp-json\/wp\/v2\/users\/1"}],"replies":[{"embeddable":true,"href":"https:\/\/boszniamagyarul.hu\/hu\/wp-json\/wp\/v2\/comments?post=381"}],"version-history":[{"count":25,"href":"https:\/\/boszniamagyarul.hu\/hu\/wp-json\/wp\/v2\/pages\/381\/revisions"}],"predecessor-version":[{"id":2091,"href":"https:\/\/boszniamagyarul.hu\/hu\/wp-json\/wp\/v2\/pages\/381\/revisions\/2091"}],"wp:featuredmedia":[{"embeddable":true,"href":"https:\/\/boszniamagyarul.hu\/hu\/wp-json\/wp\/v2\/media\/1432"}],"wp:attachment":[{"href":"https:\/\/boszniamagyarul.hu\/hu\/wp-json\/wp\/v2\/media?parent=381"}],"curies":[{"name":"wp","href":"https:\/\/api.w.org\/{rel}","templated":true}]}}