{"id":160,"date":"2022-08-01T22:02:46","date_gmt":"2022-08-01T22:02:46","guid":{"rendered":"https:\/\/webredox.net\/demo\/wp\/travol\/?page_id=160"},"modified":"2026-03-15T21:00:27","modified_gmt":"2026-03-15T20:00:27","slug":"contact","status":"publish","type":"page","link":"https:\/\/boszniamagyarul.hu\/hu\/contact\/","title":{"rendered":"Kapcsolat"},"content":{"rendered":"<div data-elementor-type=\"wp-page\" data-elementor-id=\"160\" class=\"elementor elementor-160\" data-elementor-post-type=\"page\">\n\t\t\t\t<div class=\"elementor-element elementor-element-ccc583d e-flex e-con-boxed e-con e-parent\" data-id=\"ccc583d\" data-element_type=\"container\" data-e-type=\"container\">\n\t\t\t\t\t<div class=\"e-con-inner\">\n\t\t<div class=\"elementor-element elementor-element-4982798 e-con-full e-flex e-con e-child\" data-id=\"4982798\" data-element_type=\"container\" data-e-type=\"container\">\n\t\t\t\t<div class=\"elementor-element elementor-element-6c6e39b elementor-widget elementor-widget-text-editor\" data-id=\"6c6e39b\" data-element_type=\"widget\" data-e-type=\"widget\" data-widget_type=\"text-editor.default\">\n\t\t\t\t\t\t\t\t\t<h3>Bosznia Magyarul<\/h3><p>Legyen sz\u00f3 b\u00e1rmilyen t\u00far\u00e1r\u00f3l vagy kir\u00e1ndul\u00e1sr\u00f3l, \u00f6r\u00f6mmel seg\u00edt\u00fcnk a legapr\u00f3bb r\u00e9szletek kidolgoz\u00e1s\u00e1ban is. Sz\u00e1munkra nincs \u00e1thidalhatatlan t\u00e1vols\u00e1g: minden utaz\u00e1sban a k\u00f6z\u00f6s felfedez\u00e9s lehet\u0151s\u00e9g\u00e9t l\u00e1tjuk. Forduljon hozz\u00e1nk bizalommal \u00edr\u00e1sban vagy telefonon \u2013 v\u00e1rjuk megkeres\u00e9s\u00e9t<\/p>\t\t\t\t\t\t\t\t<\/div>\n\t\t\t\t<div class=\"elementor-element elementor-element-47dcdf0 elementor-widget elementor-widget-travol-contact\" data-id=\"47dcdf0\" data-element_type=\"widget\" data-e-type=\"widget\" data-widget_type=\"travol-contact.default\">\n\t\t\t\t<div class=\"elementor-widget-container\">\n\t\t\t\t\t        \n\t\t<div class=\"phone-call mb-30\">\n\t\t            <div class=\"icon\">\n\t\t\t\t\t\t\t<span class=\"flaticon-phone-call\"><\/span>\n\t\t\t\t\t\t<\/div>\n\t\t            <div class=\"text\">\n\t\t\t\t                <p>Telefon \/ Viber \u00e9s WhatsAp<\/p>\n\t\t\t\t\t\t\t\t\t\t\n\t\t\t\t\t<a href=\"tel:+381631758514\">+381 63 175 8514<\/a>\n\t\t\t\t            <\/div>\n        <\/div>\n\t\t\n        \t\t\t\t<\/div>\n\t\t\t\t<\/div>\n\t\t\t\t<div class=\"elementor-element elementor-element-201ff5f elementor-widget elementor-widget-travol-contact\" data-id=\"201ff5f\" data-element_type=\"widget\" data-e-type=\"widget\" data-widget_type=\"travol-contact.default\">\n\t\t\t\t<div class=\"elementor-widget-container\">\n\t\t\t\t\t        \n\t\t<div class=\"phone-call mb-30\">\n\t\t            <div class=\"icon\">\n\t\t\t\t\t\t\t<span class=\"flaticon-phone-call\"><\/span>\n\t\t\t\t\t\t<\/div>\n\t\t            <div class=\"text\">\n\t\t\t\t                <p>Telefon \/ Viber \u00e9s WhatsAp<\/p>\n\t\t\t\t\t\t\t\t\t\t\n\t\t\t\t\t<a href=\"tel:+36707722843\">+36 70 77 22 843<\/a>\n\t\t\t\t            <\/div>\n        <\/div>\n\t\t\n        \t\t\t\t<\/div>\n\t\t\t\t<\/div>\n\t\t\t\t<div class=\"elementor-element elementor-element-1bdd52e elementor-widget elementor-widget-travol-contact\" data-id=\"1bdd52e\" data-element_type=\"widget\" data-e-type=\"widget\" data-widget_type=\"travol-contact.default\">\n\t\t\t\t<div class=\"elementor-widget-container\">\n\t\t\t\t\t        \n\t\t<div class=\"phone-call mb-30\">\n\t\t            <div class=\"icon\">\n\t\t\t\t\t\t\t<span class=\"flaticon-message\"><\/span>\n\t\t\t\t\t\t<\/div>\n\t\t            <div class=\"text\">\n\t\t\t\t                <p>E-mail c\u00edm:<\/p>\n\t\t\t\t\t\t\t\t\t\t\t\t\t<a href=\"mailto:info@bosniatourist.com\">info@bosniatourist.com<\/a>\n\t\t\t\t            <\/div>\n        <\/div>\n\t\t\n        \t\t\t\t<\/div>\n\t\t\t\t<\/div>\n\t\t\t\t<div class=\"elementor-element elementor-element-e275a29 elementor-widget elementor-widget-travol-contact\" data-id=\"e275a29\" data-element_type=\"widget\" data-e-type=\"widget\" data-widget_type=\"travol-contact.default\">\n\t\t\t\t<div class=\"elementor-widget-container\">\n\t\t\t\t\t        \n\t\t<div class=\"phone-call mb-30\">\n\t\t            <div class=\"icon\">\n\t\t\t\t\t\t\t<span class=\"flaticon-message\"><\/span>\n\t\t\t\t\t\t<\/div>\n\t\t            <div class=\"text\">\n\t\t\t\t                <p>E-mail c\u00edm:<\/p>\n\t\t\t\t\t\t\t\t\t\t\t\t\t<a href=\"mailto:info@boszniamagyarul.hu\">info@boszniamagyarul.hu<\/a>\n\t\t\t\t            <\/div>\n        <\/div>\n\t\t\n        \t\t\t\t<\/div>\n\t\t\t\t<\/div>\n\t\t\t\t<\/div>\n\t\t<div class=\"elementor-element elementor-element-b7f1426 e-con-full e-flex e-con e-child\" data-id=\"b7f1426\" data-element_type=\"container\" data-e-type=\"container\">\n\t\t\t\t<\/div>\n\t\t<div class=\"elementor-element elementor-element-00fa93f e-con-full e-flex e-con e-child\" data-id=\"00fa93f\" data-element_type=\"container\" data-e-type=\"container\">\n\t\t\t\t<div class=\"elementor-element elementor-element-6b4f10c elementor-widget elementor-widget-travol-form\" data-id=\"6b4f10c\" data-element_type=\"widget\" data-e-type=\"widget\" data-widget_type=\"travol-form.default\">\n\t\t\t\t<div class=\"elementor-widget-container\">\n\t\t\t\t\t\t\t<div class=\"right-sidebar\">\n\t\t\t<div class=\"right-sidebar item\">\n\t\t\t\t\t\t\t\t\t<h3><span class=\"right-sidebar item__from\">Kapcsolat<\/span><span class=\"right-sidebar item__sale\"><\/span><\/h3>\n\t\t\t\t\t\t\t\t<div class=\"right-sidebar item-form contact__form vc_template\">\t\t\n\t\t\t\t\t\n<div class=\"wpcf7 no-js\" id=\"wpcf7-f8-o1\" lang=\"en-US\" dir=\"ltr\" data-wpcf7-id=\"8\">\n<div class=\"screen-reader-response\"><p role=\"status\" aria-live=\"polite\" aria-atomic=\"true\"><\/p> <ul><\/ul><\/div>\n<form action=\"\/hu\/wp-json\/wp\/v2\/pages\/160#wpcf7-f8-o1\" method=\"post\" class=\"wpcf7-form init\" aria-label=\"Contact form\" novalidate=\"novalidate\" data-status=\"init\" data-trp-original-action=\"\/hu\/wp-json\/wp\/v2\/pages\/160#wpcf7-f8-o1\">\n<fieldset class=\"hidden-fields-container\"><input type=\"hidden\" name=\"_wpcf7\" value=\"8\" \/><input type=\"hidden\" name=\"_wpcf7_version\" value=\"6.1.5\" \/><input type=\"hidden\" name=\"_wpcf7_locale\" value=\"en_US\" \/><input type=\"hidden\" name=\"_wpcf7_unit_tag\" value=\"wpcf7-f8-o1\" \/><input type=\"hidden\" name=\"_wpcf7_container_post\" value=\"0\" \/><input type=\"hidden\" name=\"_wpcf7_posted_data_hash\" value=\"\" \/>\n<\/fieldset>\n<div class=\"row\">\n\t<div class=\"col-md-6 form-group\">\n\t\t<p><span class=\"wpcf7-form-control-wrap\" data-name=\"your-name\"><input size=\"40\" maxlength=\"400\" class=\"wpcf7-form-control wpcf7-text wpcf7-validates-as-required\" aria-required=\"true\" aria-invalid=\"false\" placeholder=\"Neve:\" value=\"\" type=\"text\" name=\"your-name\" \/><\/span>\n\t\t<\/p>\n\t<\/div>\n\t<div class=\"col-md-6 form-group\">\n\t\t<p><span class=\"wpcf7-form-control-wrap\" data-name=\"your-email\"><input size=\"40\" maxlength=\"400\" class=\"wpcf7-form-control wpcf7-email wpcf7-validates-as-required wpcf7-text wpcf7-validates-as-email\" aria-required=\"true\" aria-invalid=\"false\" placeholder=\"E-mail c\u00edme:\" value=\"\" type=\"email\" name=\"your-email\" \/><\/span>\n\t\t<\/p>\n\t<\/div>\n\t<div class=\"col-md-12 form-group\" >\n\t\t<p><span class=\"wpcf7-form-control-wrap\" data-name=\"your-subject\"><input size=\"40\" maxlength=\"400\" class=\"wpcf7-form-control wpcf7-text wpcf7-validates-as-required\" aria-required=\"true\" aria-invalid=\"false\" placeholder=\"T\u00e1rgy:\" value=\"\" type=\"text\" name=\"your-subject\" \/><\/span><br \/>\n<span class=\"wpcf7-form-control-wrap\" data-name=\"your-message\"><textarea cols=\"40\" rows=\"10\" maxlength=\"2000\" class=\"wpcf7-form-control wpcf7-textarea\" aria-invalid=\"false\" placeholder=\"\u00dczenet:\" name=\"your-message\"><\/textarea><\/span>\n\t\t<\/p>\n\t<\/div>\n<\/div>\n<p><div class=\"wpcf7-form-control has-spinner wpcf7-submit\"><button class=\"butn-dark mt-15 iso-load-button\"><a ><span>K\u00fcld\u00e9s<\/span><\/a><\/button><\/div>\n<\/p><div class=\"wpcf7-response-output\" aria-hidden=\"true\"><\/div>\n<input type=\"hidden\" name=\"trp-form-language\" value=\"hu\"\/><\/form>\n<\/div>\n\t\t\t\t<\/div>\t\n\t\t\t<\/div>\t\n\t\t<\/div>\t\n\t\t\n        \t\t\t\t<\/div>\n\t\t\t\t<\/div>\n\t\t\t\t<\/div>\n\t\t\t\t\t<\/div>\n\t\t\t\t<\/div>\n\t\t\t\t<\/div>","protected":false},"excerpt":{"rendered":"<p>Bosnia Tourist Whatever hike or excursion you can dream up, we are happy to help you work out even the smallest details. For us, no distance is too short or too long, as every journey is a new opportunity for shared discovery. Please feel&#8230;<\/p>","protected":false},"author":1,"featured_media":0,"parent":0,"menu_order":6,"comment_status":"closed","ping_status":"closed","template":"","meta":{"footnotes":""},"class_list":["post-160","page","type-page","status-publish","hentry"],"yoast_head":"<!-- This site is optimized with the Yoast SEO Premium plugin v27.2 (Yoast SEO v27.2) - https:\/\/yoast.com\/product\/yoast-seo-premium-wordpress\/ -->\n<title>Contact - Bosznia Magyarul<\/title>\n<meta name=\"robots\" content=\"noindex, follow, max-snippet:-1, max-image-preview:large, max-video-preview:-1\" \/>\n<meta property=\"og:locale\" content=\"hu_HU\" \/>\n<meta property=\"og:type\" content=\"article\" \/>\n<meta property=\"og:title\" content=\"Contact\" \/>\n<meta property=\"og:description\" content=\"Bosnia Tourist Whatever hike or excursion you can dream up, we are happy to help you work out even the smallest details. For us, no distance is too short or too long, as every journey is a new opportunity for shared discovery. Please feel...\" \/>\n<meta property=\"og:url\" content=\"https:\/\/boszniamagyarul.hu\/hu\/contact\/\" \/>\n<meta property=\"og:site_name\" content=\"Bosznia Magyarul\" \/>\n<meta property=\"article:modified_time\" content=\"2026-03-15T20:00:27+00:00\" \/>\n<meta name=\"twitter:card\" content=\"summary_large_image\" \/>\n<script type=\"application\/ld+json\" class=\"yoast-schema-graph\">{\"@context\":\"https:\/\/schema.org\",\"@graph\":[{\"@type\":\"WebPage\",\"@id\":\"https:\/\/boszniamagyarul.hu\/contact\/\",\"url\":\"https:\/\/boszniamagyarul.hu\/contact\/\",\"name\":\"Contact - Bosznia Magyarul\",\"isPartOf\":{\"@id\":\"https:\/\/boszniamagyarul.hu\/#website\"},\"datePublished\":\"2022-08-01T22:02:46+00:00\",\"dateModified\":\"2026-03-15T20:00:27+00:00\",\"breadcrumb\":{\"@id\":\"https:\/\/boszniamagyarul.hu\/contact\/#breadcrumb\"},\"inLanguage\":\"hu\",\"potentialAction\":[{\"@type\":\"ReadAction\",\"target\":[\"https:\/\/boszniamagyarul.hu\/contact\/\"]}]},{\"@type\":\"BreadcrumbList\",\"@id\":\"https:\/\/boszniamagyarul.hu\/contact\/#breadcrumb\",\"itemListElement\":[{\"@type\":\"ListItem\",\"position\":1,\"name\":\"Kezd\u0151lap\",\"item\":\"https:\/\/boszniamagyarul.hu\/\"},{\"@type\":\"ListItem\",\"position\":2,\"name\":\"Contact\"}]},{\"@type\":\"WebSite\",\"@id\":\"https:\/\/boszniamagyarul.hu\/#website\",\"url\":\"https:\/\/boszniamagyarul.hu\/\",\"name\":\"Bosznia Magyarul\",\"description\":\"\",\"potentialAction\":[{\"@type\":\"SearchAction\",\"target\":{\"@type\":\"EntryPoint\",\"urlTemplate\":\"https:\/\/boszniamagyarul.hu\/?s={search_term_string}\"},\"query-input\":{\"@type\":\"PropertyValueSpecification\",\"valueRequired\":true,\"valueName\":\"search_term_string\"}}],\"inLanguage\":\"hu\"}]}<\/script>\n<!-- \/ Yoast SEO Premium plugin. -->","yoast_head_json":{"title":"Contact - Bosznia Magyarul","robots":{"index":"noindex","follow":"follow","max-snippet":"max-snippet:-1","max-image-preview":"max-image-preview:large","max-video-preview":"max-video-preview:-1"},"og_locale":"hu_HU","og_type":"article","og_title":"Contact","og_description":"Bosnia Tourist Whatever hike or excursion you can dream up, we are happy to help you work out even the smallest details. For us, no distance is too short or too long, as every journey is a new opportunity for shared discovery. Please feel...","og_url":"https:\/\/boszniamagyarul.hu\/hu\/contact\/","og_site_name":"Bosznia Magyarul","article_modified_time":"2026-03-15T20:00:27+00:00","twitter_card":"summary_large_image","schema":{"@context":"https:\/\/schema.org","@graph":[{"@type":"WebPage","@id":"https:\/\/boszniamagyarul.hu\/contact\/","url":"https:\/\/boszniamagyarul.hu\/contact\/","name":"Contact - Bosznia Magyarul","isPartOf":{"@id":"https:\/\/boszniamagyarul.hu\/#website"},"datePublished":"2022-08-01T22:02:46+00:00","dateModified":"2026-03-15T20:00:27+00:00","breadcrumb":{"@id":"https:\/\/boszniamagyarul.hu\/contact\/#breadcrumb"},"inLanguage":"hu","potentialAction":[{"@type":"ReadAction","target":["https:\/\/boszniamagyarul.hu\/contact\/"]}]},{"@type":"BreadcrumbList","@id":"https:\/\/boszniamagyarul.hu\/contact\/#breadcrumb","itemListElement":[{"@type":"ListItem","position":1,"name":"Kezd\u0151lap","item":"https:\/\/boszniamagyarul.hu\/"},{"@type":"ListItem","position":2,"name":"Contact"}]},{"@type":"WebSite","@id":"https:\/\/boszniamagyarul.hu\/#website","url":"https:\/\/boszniamagyarul.hu\/","name":"Bosznia Magyarul","description":"","potentialAction":[{"@type":"SearchAction","target":{"@type":"EntryPoint","urlTemplate":"https:\/\/boszniamagyarul.hu\/?s={search_term_string}"},"query-input":{"@type":"PropertyValueSpecification","valueRequired":true,"valueName":"search_term_string"}}],"inLanguage":"hu"}]}},"meta_box":[],"_links":{"self":[{"href":"https:\/\/boszniamagyarul.hu\/hu\/wp-json\/wp\/v2\/pages\/160","targetHints":{"allow":["GET"]}}],"collection":[{"href":"https:\/\/boszniamagyarul.hu\/hu\/wp-json\/wp\/v2\/pages"}],"about":[{"href":"https:\/\/boszniamagyarul.hu\/hu\/wp-json\/wp\/v2\/types\/page"}],"author":[{"embeddable":true,"href":"https:\/\/boszniamagyarul.hu\/hu\/wp-json\/wp\/v2\/users\/1"}],"replies":[{"embeddable":true,"href":"https:\/\/boszniamagyarul.hu\/hu\/wp-json\/wp\/v2\/comments?post=160"}],"version-history":[{"count":16,"href":"https:\/\/boszniamagyarul.hu\/hu\/wp-json\/wp\/v2\/pages\/160\/revisions"}],"predecessor-version":[{"id":1839,"href":"https:\/\/boszniamagyarul.hu\/hu\/wp-json\/wp\/v2\/pages\/160\/revisions\/1839"}],"wp:attachment":[{"href":"https:\/\/boszniamagyarul.hu\/hu\/wp-json\/wp\/v2\/media?parent=160"}],"curies":[{"name":"wp","href":"https:\/\/api.w.org\/{rel}","templated":true}]}}