{"id":100,"date":"2022-07-31T16:21:38","date_gmt":"2022-07-31T16:21:38","guid":{"rendered":"https:\/\/webredox.net\/demo\/wp\/travol\/?page_id=100"},"modified":"2026-03-25T17:58:30","modified_gmt":"2026-03-25T16:58:30","slug":"about-2","status":"publish","type":"page","link":"https:\/\/boszniamagyarul.hu\/hu\/about-2\/","title":{"rendered":"R\u00f3lunk"},"content":{"rendered":"<div data-elementor-type=\"wp-page\" data-elementor-id=\"100\" class=\"elementor elementor-100\" data-elementor-post-type=\"page\">\n\t\t\t\t<div class=\"elementor-element elementor-element-4ed884f e-flex e-con-boxed e-con e-parent\" data-id=\"4ed884f\" data-element_type=\"container\" data-e-type=\"container\">\n\t\t\t\t\t<div class=\"e-con-inner\">\n\t\t<div class=\"elementor-element elementor-element-d5bc696 e-con-full e-flex e-con e-child\" data-id=\"d5bc696\" data-element_type=\"container\" data-e-type=\"container\">\n\t\t\t\t<div class=\"elementor-element elementor-element-95f8b01 elementor-invisible elementor-widget elementor-widget-travol-sec-title\" data-id=\"95f8b01\" data-element_type=\"widget\" data-e-type=\"widget\" data-settings=\"{&quot;_animation&quot;:&quot;fadeIn&quot;,&quot;_animation_delay&quot;:1}\" data-widget_type=\"travol-sec-title.default\">\n\t\t\t\t<div class=\"elementor-widget-container\">\n\t\t\t\t\t\t\t<div class=\"about text-left\">\n\t\t\t\t\t\t<h3 class=\"section-subtitle\">\u00fcdv\u00f6zlet<\/h3>\n\t\t\t\t\t\t            <h2 class=\"section-title\">ahol  <span>a Te <\/span>Kalandod kezd\u0151dik<\/h2>\n\t\t\t\t\t<\/div>\n\t\t\t\t\t\t<\/div>\n\t\t\t\t<\/div>\n\t\t\t\t<div class=\"elementor-element elementor-element-75d62e2 elementor-widget elementor-widget-travol-contact\" data-id=\"75d62e2\" data-element_type=\"widget\" data-e-type=\"widget\" data-widget_type=\"travol-contact.default\">\n\t\t\t\t<div class=\"elementor-widget-container\">\n\t\t\t\t\t        \n\t\t<div class=\"phone-call mb-30\">\n\t\t            <div class=\"icon\">\n\t\t\t\t\t\t\t<span class=\"flaticon-phone-call\"><\/span>\n\t\t\t\t\t\t<\/div>\n\t\t            <div class=\"text\">\n\t\t\t\t                <p>Telefon \/ Viber \u00e9s WhatsAp<\/p>\n\t\t\t\t\t\t\t\t\t\t\n\t\t\t\t\t<a href=\"tel:+381631758514\">+381 63 175 8514<\/a>\n\t\t\t\t            <\/div>\n        <\/div>\n\t\t\n        \t\t\t\t<\/div>\n\t\t\t\t<\/div>\n\t\t\t\t<div class=\"elementor-element elementor-element-616d467 elementor-widget elementor-widget-travol-contact\" data-id=\"616d467\" data-element_type=\"widget\" data-e-type=\"widget\" data-widget_type=\"travol-contact.default\">\n\t\t\t\t<div class=\"elementor-widget-container\">\n\t\t\t\t\t        \n\t\t<div class=\"phone-call mb-30\">\n\t\t            <div class=\"icon\">\n\t\t\t\t\t\t\t<span class=\"flaticon-phone-call\"><\/span>\n\t\t\t\t\t\t<\/div>\n\t\t            <div class=\"text\">\n\t\t\t\t                <p>Telefon \/ Viber \u00e9s WhatsAp<\/p>\n\t\t\t\t\t\t\t\t\t\t\n\t\t\t\t\t<a href=\"tel:+36707722843\">+36 70 77 22 843<\/a>\n\t\t\t\t            <\/div>\n        <\/div>\n\t\t\n        \t\t\t\t<\/div>\n\t\t\t\t<\/div>\n\t\t\t\t<\/div>\n\t\t<div class=\"elementor-element elementor-element-f6639f2 e-con-full e-flex e-con e-child\" data-id=\"f6639f2\" data-element_type=\"container\" data-e-type=\"container\">\n\t\t\t\t<\/div>\n\t\t<div class=\"elementor-element elementor-element-aaf1d65 e-con-full e-flex e-con e-child\" data-id=\"aaf1d65\" data-element_type=\"container\" data-e-type=\"container\">\n\t\t\t\t<div class=\"elementor-element elementor-element-2c5230e animated-slow elementor-invisible elementor-widget elementor-widget-travol-image\" data-id=\"2c5230e\" data-element_type=\"widget\" data-e-type=\"widget\" data-settings=\"{&quot;_animation&quot;:&quot;fadeIn&quot;,&quot;_animation_delay&quot;:500}\" data-widget_type=\"travol-image.default\">\n\t\t\t\t<div class=\"elementor-widget-container\">\n\t\t\t\t\t\t\t<div class=\"about\">\r\n\t\t\t<div class=\"img-exp\">\r\n\t\t\t\t<div class=\"about-img\">\r\n\t\t\t\t\t<div class=\"img\"> <img decoding=\"async\" src=\"https:\/\/boszniamagyarul.hu\/wp-content\/uploads\/2026\/03\/bosniatourist.eu___background___landing___003.webp\" class=\"img-fluid\" alt=\"\"> <\/div>\r\n\t\t\t\t<\/div>\r\n\t\t\t\t\t\t\t\t<div id=\"circle\">\r\n\t\t\t\t\t<svg version=\"1.1\" xmlns=\"http:\/\/www.w3.org\/2000\/svg\" xmlns:xlink=\"http:\/\/www.w3.org\/1999\/xlink\" x=\"0px\" y=\"0px\" width=\"300px\" height=\"300px\" viewbox=\"0 0 300 300\" enable-background=\"new 0 0 300 300\" xml:space=\"preserve\">\r\n\t\t\t\t\t\t<defs>\r\n\t\t\t\t\t\t\t<path id=\"circlePath\" d=\" M 150, 150 m -60, 0 a 60,60 0 0,1 120,0 a 60,60 0 0,1 -120,0 \" \/>\r\n\t\t\t\t\t\t<\/defs>\r\n\t\t\t\t\t\t<circle cx=\"150\" cy=\"100\" r=\"75\" fill=\"none\" \/>\r\n\t\t\t\t\t\t\t<g>\r\n\t\t\t\t\t\t\t\t<use xlink:href=\"#circlePath\" fill=\"none\" \/>\r\n\t\t\t\t\t\t\t\t<text fill=\"#0f2454\">\r\n\t\t\t\t\t\t\t\t\t<textpath xlink:href=\"#circlePath\"> . Bosznia magyarul . Bosznia magyarul <\/textpath>\r\n\t\t\t\t\t\t\t\t<\/text>\r\n\t\t\t\t\t\t\t<\/g>\r\n\t\t\t\t\t<\/svg>\r\n\t\t\t\t<\/div>\r\n\t\t\t\t\t\t\t<\/div>\r\n        <\/div>\r\n\t\t\r\n\t\t\r\n        \t\t\t\t<\/div>\n\t\t\t\t<\/div>\n\t\t\t\t<\/div>\n\t\t\t\t\t<\/div>\n\t\t\t\t<\/div>\n\t\t<div class=\"elementor-element elementor-element-84918f7 e-flex e-con-boxed e-con e-parent\" data-id=\"84918f7\" data-element_type=\"container\" data-e-type=\"container\">\n\t\t\t\t\t<div class=\"e-con-inner\">\n\t\t\t\t<div class=\"elementor-element elementor-element-7779726 animated-slow elementor-invisible elementor-widget elementor-widget-text-editor\" data-id=\"7779726\" data-element_type=\"widget\" data-e-type=\"widget\" data-settings=\"{&quot;_animation&quot;:&quot;fadeIn&quot;}\" data-widget_type=\"text-editor.default\">\n\t\t\t\t\t\t\t\t\t<p style=\"text-align: justify;\" data-path-to-node=\"2\">\u00dcdv\u00f6z\u00f6lj\u00fck a Bosnia Touristn\u00e1l, ahol a szilaj term\u00e9szet \u00e9s a val\u00f3di szabads\u00e1g tal\u00e1lkozik! Csapatunkat elhivatott utaz\u00f3k \u00e9s szak\u00e9rt\u0151 t\u00faravezet\u0151k alkotj\u00e1k, akik <b>magyar \u00e9s bosny\u00e1k idegenvezet\u00e9ssel<\/b> t\u00e1rj\u00e1k fel \u00d6n el\u0151tt Bosznia-Hercegovina minden rejtett kincs\u00e9t, hiszen \u00fagy ismerik azokat, mint a tenyer\u00fcket. Mi nem csup\u00e1n utaz\u00e1sokat szervez\u00fcnk; kaput nyitunk egy olyan vil\u00e1gba, ahol a civiliz\u00e1ci\u00f3 zaja v\u00e9gre elcsendesedik. Legyen \u00d6n ak\u00e1r egy lelkes 18 \u00e9ves, vagy egy legend\u00e1s, 99 \u00e9ves felfedez\u0151, hisz\u00fcnk abban, hogy a val\u00f3di felt\u00f6lt\u0151d\u00e9s a mozg\u00e1son, a friss hegyi leveg\u0151n \u00e9s egy csipetnyi kalandon kereszt\u00fcl \u00e9rhet\u0151 el.<\/p><p style=\"text-align: justify;\" data-path-to-node=\"3\">Programjainkat gondosan azok sz\u00e1m\u00e1ra \u00e1ll\u00edtottuk \u00f6ssze, akik a hiteless\u00e9get \u00e9s a t\u00e1jjal val\u00f3 \u0151szinte kapcsol\u00f3d\u00e1st keresik. A vadv\u00edzi evez\u00e9s adrenalint\u00f3l f\u0171t\u00f6tt z\u00fag\u00f3it\u00f3l a rejtett horg\u00e1szhelyek h\u00e1bor\u00edtatlan csendj\u00e9ig, mi ismerj\u00fck a legbiztons\u00e1gosabb \u00e9s legl\u00e9legzetel\u00e1ll\u00edt\u00f3bb \u00fatvonalakat. N\u00e1lunk a min\u0151s\u00e9g az alappill\u00e9r: minden egyes \u00fathoz cs\u00facsmin\u0151s\u00e9g\u0171 v\u00e9d\u0151felszerel\u00e9st \u00e9s professzion\u00e1lis technikai h\u00e1tteret biztos\u00edtunk, melyhez <b>magyar nyelv\u0171 szaktud\u00e1ssal<\/b> seg\u00edtj\u00fck a kikapcsol\u00f3d\u00e1st. Tudjuk, hogy egy kih\u00edv\u00e1sokkal teli quadoz\u00e1s vagy a hegycs\u00facsok k\u00f6z\u00f6tti hossz\u00fa ker\u00e9kp\u00e1roz\u00e1s ut\u00e1n nincs jobb egy h\u0171s\u00edt\u0151 italn\u00e1l egy krist\u00e1lytiszta foly\u00f3 partj\u00e1n.<\/p><p style=\"text-align: justify;\" data-path-to-node=\"4\">K\u00fcldet\u00e9s\u00fcnk, hogy minden kalandor otthon \u00e9rezze mag\u00e1t a d\u00e9li naps\u00fct\u00e9sben, a saj\u00e1t temp\u00f3j\u00e1t\u00f3l f\u00fcggetlen\u00fcl. Hissz\u00fck, hogy a legjobb t\u00f6rt\u00e9netek nem a sz\u00e1llod\u00e1k el\u0151csarnokaiban sz\u00fcletnek, hanem a vad \u00f6sv\u00e9nyeken \u00e9s a smaragdsz\u00edn\u0171 vizek partj\u00e1n. A <b>Bosznia Magyarul<\/b> csapat\u00e1val felfedezheti Hercegovina nyers sz\u00e9ps\u00e9g\u00e9t \u00e9s megismerheti Boszni\u00e1t magyarul \u00e9s bosny\u00e1kul, mik\u00f6zben mi minden r\u00e9szletr\u0151l gondoskodunk \u2013 a csomagok sz\u00e1ll\u00edt\u00e1s\u00e1t\u00f3l kezdve a legikonikusabb fot\u00f3helysz\u00ednekig. J\u00f6jj\u00f6n el, \u00e9s tapasztalja meg azt a legend\u00e1s vend\u00e9gszeretetet, a teljesen korrekt \u00e9s profi <b>magyar nyelv\u0171 idegenvezet\u00e9st<\/b> \u00e9s a szabads\u00e1gnak azt a szellem\u00e9t, amelyet csak a Balk\u00e1n sz\u00edve ny\u00fajthat.<\/p><p style=\"text-align: justify;\" data-path-to-node=\"5\">K\u00e9szen \u00e1ll az indul\u00e1sra? Mert mi m\u00e1r v\u00e1rjuk \u00d6nt k\u00f6vetkez\u0151 nagy kalandja kezdet\u00e9n!<\/p>\t\t\t\t\t\t\t\t<\/div>\n\t\t\t\t\t<\/div>\n\t\t\t\t<\/div>\n\t\t<div class=\"elementor-element elementor-element-c3c702e e-flex e-con-boxed e-con e-parent\" data-id=\"c3c702e\" data-element_type=\"container\" data-e-type=\"container\" data-settings=\"{&quot;background_background&quot;:&quot;classic&quot;}\">\n\t\t\t\t\t<div class=\"e-con-inner\">\n\t\t<div class=\"elementor-element elementor-element-ed4a8cb e-con-full e-flex e-con e-child\" data-id=\"ed4a8cb\" data-element_type=\"container\" data-e-type=\"container\">\n\t\t\t\t<div class=\"elementor-element elementor-element-33e231a elementor-widget elementor-widget-travol-sec-title\" data-id=\"33e231a\" data-element_type=\"widget\" data-e-type=\"widget\" data-widget_type=\"travol-sec-title.default\">\n\t\t\t\t<div class=\"elementor-widget-container\">\n\t\t\t\t\t\t\t<div class=\"about text-left\">\n\t\t\t\t\t\t<h3 class=\"section-subtitle\">csapatunk<\/h3>\n\t\t\t\t\t\t            <h2 class=\"section-title\">Remek <span>Koll\u00e9g\u00e1k<\/span><\/h2>\n\t\t\t\t\t<\/div>\n\t\t\t\t\t\t<\/div>\n\t\t\t\t<\/div>\n\t\t\t\t<\/div>\n\t\t<div class=\"elementor-element elementor-element-cd331b8 e-con-full e-flex e-con e-child\" data-id=\"cd331b8\" data-element_type=\"container\" data-e-type=\"container\">\n\t\t<div class=\"elementor-element elementor-element-1af0bc9 e-con-full e-flex e-con e-child\" data-id=\"1af0bc9\" data-element_type=\"container\" data-e-type=\"container\">\n\t\t\t\t<div class=\"elementor-element elementor-element-15debf8 elementor-widget elementor-widget-travol-team\" data-id=\"15debf8\" data-element_type=\"widget\" data-e-type=\"widget\" data-widget_type=\"travol-team.default\">\n\t\t\t\t<div class=\"elementor-widget-container\">\n\t\t\t\t\t\t\t\t\t<div class=\"team\">\t\n\t\t\t<div class=\"team-card mb-30\">\n                <div class=\"team-img\"><img decoding=\"async\" src=\"https:\/\/boszniamagyarul.hu\/wp-content\/uploads\/2026\/03\/bosznia-magyarul_kollega_szeles_gyozo.webp\" alt=\"https:\/\/boszniamagyarul.hu\/wp-content\/uploads\/2026\/03\/bosznia-magyarul_kollega_szeles_gyozo.webp\" class=\"w-100\"><\/div>\n                    \t\t\t\t\t<div class=\"team-content\">\n\t\t\t\t\t\t<h3 class=\"team-title\">Szeles Gy\u0151z\u0151<span>Szervez\u0151<\/span><\/h3>\n\t\t\t\t\t\t\t\t\t\t\t\t<p class=\"team-text\">Fedezze fel a k\u00f6rny\u00e9ket velem! Turisztikai szervez\u00e9s \u00e9s vezet\u00e9s \u2013 magyarul \u00e9s bosny\u00e1kul is \u00e1llok rendelkez\u00e9s\u00e9re.<\/p>\n\t\t\t\t\t\t\t\t\t\t\t\t<div class=\"social\">\n\t\t\t\t\t\t\t<div class=\"full-width\">\n\t\t\t\t\t\t\t\t\t\t\t\t\t\t\t\t\t\t\t\t\t\t\t\t\t\t\t\t\t\t<a href=\"tel:+381 63 175 8514\" target=\"_blank\">\n\t\t\t\t\t\t\t\t\t\t\t\t\t\t\t\t<i class=\"ti-themify-favicon\"><\/i>\n\t\t\t\t\t\t\t\t\t\t\t\t\t\t\t\t<\/a>\n\t\t\t\t\t\t\t\t\t\t\t\t\t\t\t\t\t\t\t\t\t\t\t\t\t\t\t\t\t\t\t\t\t\t\t\t\t\t\t\t\t\t\t\t\t<a href=\"https:\/\/www.facebook.com\/szeles.gyozo\" target=\"_blank\">\n\t\t\t\t\t\t\t\t\t\t\t\t\t\t\t\t<i class=\"ti-facebook\"><\/i>\n\t\t\t\t\t\t\t\t\t\t\t\t\t\t\t\t<\/a>\n\t\t\t\t\t\t\t\t\t\t\t\t\t\t\t\t\t\t\t\t\t\t\t\t\t\t\t\t\t\t\t\t\t\t\t\t\t\t\t\t\t\t\t\t\t<a href=\"mailto:info@boszniamagyarul.hu\" target=\"_blank\">\n\t\t\t\t\t\t\t\t\t\t\t\t\t\t\t\t<i class=\"ti-email\"><\/i>\n\t\t\t\t\t\t\t\t\t\t\t\t\t\t\t\t<\/a>\n\t\t\t\t\t\t\t\t\t\t\t\t\t\t\t\t\t\t\t\t\t\t\t\t\t\t\t\t\t<\/div>\n\t\t\t\t\t\t<\/div>\n                    <\/div>\n\t\t\t\t\t\t\t\t\t\t                    <div class=\"title-box\">\n                        <h3 class=\"mb-0\">Szeles Gy\u0151z\u0151<span>Szervez\u0151<\/span><\/h3>\n                    <\/div>\n\t\t\t\t\t            <\/div>\n\t\t<\/div>\n\t\t        \t\t\t\t<\/div>\n\t\t\t\t<\/div>\n\t\t\t\t<\/div>\n\t\t<div class=\"elementor-element elementor-element-82581d1 e-con-full e-flex e-con e-child\" data-id=\"82581d1\" data-element_type=\"container\" data-e-type=\"container\">\n\t\t\t\t<div class=\"elementor-element elementor-element-e4a5171 elementor-widget elementor-widget-travol-team\" data-id=\"e4a5171\" data-element_type=\"widget\" data-e-type=\"widget\" data-widget_type=\"travol-team.default\">\n\t\t\t\t<div class=\"elementor-widget-container\">\n\t\t\t\t\t\t\t\t\t<div class=\"team\">\t\n\t\t\t<div class=\"team-card mb-30\">\n                <div class=\"team-img\"><img decoding=\"async\" src=\"https:\/\/boszniamagyarul.hu\/wp-content\/uploads\/2026\/03\/bosznia-magyarul_kollega_szoke_zsolt_2.webp\" alt=\"https:\/\/boszniamagyarul.hu\/wp-content\/uploads\/2026\/03\/bosznia-magyarul_kollega_szoke_zsolt_2.webp\" class=\"w-100\"><\/div>\n                    \t\t\t\t\t<div class=\"team-content\">\n\t\t\t\t\t\t<h3 class=\"team-title\">Sz\u0151ke Zsolt<span>Szervez\u0151<\/span><\/h3>\n\t\t\t\t\t\t\t\t\t\t\t\t<p class=\"team-text\">Munk\u00e1m a t\u00faraszervez\u00e9s. Magyar, n\u00e9met \u00e9s angol nyelven seg\u00edtem a csapatot \u2013 ha inform\u00e1ci\u00f3ra van sz\u00fcks\u00e9ged, keress bizalommal h\u00edv\u00e1sban vagy \u00fczenetben!<\/p>\n\t\t\t\t\t\t\t\t\t\t\t\t<div class=\"social\">\n\t\t\t\t\t\t\t<div class=\"full-width\">\n\t\t\t\t\t\t\t\t\t\t\t\t\t\t\t\t\t\t\t\t\t\t\t\t\t\t\t\t\t\t<a href=\"tel:+36 70 77 22 843\" target=\"_blank\">\n\t\t\t\t\t\t\t\t\t\t\t\t\t\t\t\t<i class=\"ti-themify-favicon\"><\/i>\n\t\t\t\t\t\t\t\t\t\t\t\t\t\t\t\t<\/a>\n\t\t\t\t\t\t\t\t\t\t\t\t\t\t\t\t\t\t\t\t\t\t\t\t\t\t\t\t\t\t\t\t\t\t\t\t\t\t\t\t\t\t\t\t\t<a href=\"https:\/\/www.facebook.com\/zsolt.szoke.79\" target=\"_blank\">\n\t\t\t\t\t\t\t\t\t\t\t\t\t\t\t\t<i class=\"ti-facebook\"><\/i>\n\t\t\t\t\t\t\t\t\t\t\t\t\t\t\t\t<\/a>\n\t\t\t\t\t\t\t\t\t\t\t\t\t\t\t\t\t\t\t\t\t\t\t\t\t\t\t\t\t\t\t\t\t\t\t\t\t\t\t\t\t\t\t\t\t<a href=\"mailto:mailto:info@boszniamagyarul.hu\" target=\"_blank\">\n\t\t\t\t\t\t\t\t\t\t\t\t\t\t\t\t<i class=\"ti-email\"><\/i>\n\t\t\t\t\t\t\t\t\t\t\t\t\t\t\t\t<\/a>\n\t\t\t\t\t\t\t\t\t\t\t\t\t\t\t\t\t\t\t\t\t\t\t\t\t\t\t\t\t<\/div>\n\t\t\t\t\t\t<\/div>\n                    <\/div>\n\t\t\t\t\t\t\t\t\t\t                    <div class=\"title-box\">\n                        <h3 class=\"mb-0\">Sz\u0151ke Zsolt<span>Szervez\u0151<\/span><\/h3>\n                    <\/div>\n\t\t\t\t\t            <\/div>\n\t\t<\/div>\n\t\t        \t\t\t\t<\/div>\n\t\t\t\t<\/div>\n\t\t\t\t<\/div>\n\t\t<div class=\"elementor-element elementor-element-a0657bd e-con-full e-flex e-con e-child\" data-id=\"a0657bd\" data-element_type=\"container\" data-e-type=\"container\">\n\t\t\t\t<div class=\"elementor-element elementor-element-036f178 elementor-widget elementor-widget-travol-team\" data-id=\"036f178\" data-element_type=\"widget\" data-e-type=\"widget\" data-widget_type=\"travol-team.default\">\n\t\t\t\t<div class=\"elementor-widget-container\">\n\t\t\t\t\t\t\t\t\t<div class=\"team\">\t\n\t\t\t<div class=\"team-card mb-30\">\n                <div class=\"team-img\"><img decoding=\"async\" src=\"https:\/\/boszniamagyarul.hu\/wp-content\/uploads\/2026\/03\/bosznia-magyarul_kollega_rabel_csaba_v2.webp\" alt=\"https:\/\/boszniamagyarul.hu\/wp-content\/uploads\/2026\/03\/bosznia-magyarul_kollega_rabel_csaba_v2.webp\" class=\"w-100\"><\/div>\n                    \t\t\t\t\t<div class=\"team-content\">\n\t\t\t\t\t\t<h3 class=\"team-title\">R\u00e1bel Csaba<span>Marketing asszisztens<\/span><\/h3>\n\t\t\t\t\t\t\t\t\t\t\t\t<p class=\"team-text\">A 'Bosznia magyarul' fejleszt\u0151je \u00e9s tartalomgy\u00e1rt\u00f3ja vagyok. Cikkeimmel \u00e9s vizu\u00e1lis tartalomaimmal azon dolgozom, hogy k\u00f6zelebb hozzam Bosznia-Hercegovina sz\u00e9ps\u00e9geit a magyar k\u00f6z\u00f6ns\u00e9ghez.<\/p>\n\t\t\t\t\t\t\t\t\t\t\t\t<div class=\"social\">\n\t\t\t\t\t\t\t<div class=\"full-width\">\n\t\t\t\t\t\t\t\t\t\t\t\t\t\t\t\t\t\t\t\t\t\t\t\t\t\t\t\t\t\t<a href=\"tel:+36 20 55 66 000\" target=\"_blank\">\n\t\t\t\t\t\t\t\t\t\t\t\t\t\t\t\t<i class=\"ti-themify-favicon\"><\/i>\n\t\t\t\t\t\t\t\t\t\t\t\t\t\t\t\t<\/a>\n\t\t\t\t\t\t\t\t\t\t\t\t\t\t\t\t\t\t\t\t\t\t\t\t\t\t\t\t\t\t\t\t\t\t\t\t\t\t\t\t\t\t\t\t\t<a href=\"https:\/\/www.facebook.com\/csendesebben\" target=\"_blank\">\n\t\t\t\t\t\t\t\t\t\t\t\t\t\t\t\t<i class=\"ti-facebook\"><\/i>\n\t\t\t\t\t\t\t\t\t\t\t\t\t\t\t\t<\/a>\n\t\t\t\t\t\t\t\t\t\t\t\t\t\t\t\t\t\t\t\t\t\t\t\t\t\t\t\t\t\t\t\t\t\t\t\t\t\t\t\t\t\t\t\t\t<a href=\"mailto:editor@boszniamagyarul.hu\" target=\"_blank\">\n\t\t\t\t\t\t\t\t\t\t\t\t\t\t\t\t<i class=\"ti-email\"><\/i>\n\t\t\t\t\t\t\t\t\t\t\t\t\t\t\t\t<\/a>\n\t\t\t\t\t\t\t\t\t\t\t\t\t\t\t\t\t\t\t\t\t\t\t\t\t\t\t\t\t<\/div>\n\t\t\t\t\t\t<\/div>\n                    <\/div>\n\t\t\t\t\t\t\t\t\t\t                    <div class=\"title-box\">\n                        <h3 class=\"mb-0\">R\u00e1bel Csaba<span>Marketing asszisztens<\/span><\/h3>\n                    <\/div>\n\t\t\t\t\t            <\/div>\n\t\t<\/div>\n\t\t        \t\t\t\t<\/div>\n\t\t\t\t<\/div>\n\t\t\t\t<\/div>\n\t\t\t\t<\/div>\n\t\t\t\t\t<\/div>\n\t\t\t\t<\/div>\n\t\t\t\t<\/div>","protected":false},"excerpt":{"rendered":"<p>The best travel agency Where Your Adventure Begins Phone \/ viber &amp; whatsap +381 63 175 8514 Phone \/ viber &amp; whatsap +36 70 77 22 843 . Bosznia magyarul . Bosznia magyarul Welcome to Bosnia Tourist, the place where untamed nature meets true&#8230;<\/p>","protected":false},"author":1,"featured_media":0,"parent":0,"menu_order":1,"comment_status":"closed","ping_status":"closed","template":"","meta":{"footnotes":""},"class_list":["post-100","page","type-page","status-publish","hentry"],"yoast_head":"<!-- This site is optimized with the Yoast SEO Premium plugin v27.2 (Yoast SEO v27.2) - https:\/\/yoast.com\/product\/yoast-seo-premium-wordpress\/ -->\n<title>About - Bosznia Magyarul<\/title>\n<meta name=\"robots\" content=\"noindex, follow, max-snippet:-1, max-image-preview:large, max-video-preview:-1\" \/>\n<meta property=\"og:locale\" content=\"hu_HU\" \/>\n<meta property=\"og:type\" content=\"article\" \/>\n<meta property=\"og:title\" content=\"About\" \/>\n<meta property=\"og:description\" content=\"The best travel agency Where Your Adventure Begins Phone \/ viber &amp; whatsap +381 63 175 8514 Phone \/ viber &amp; whatsap +36 70 77 22 843 . Bosznia magyarul . Bosznia magyarul Welcome to Bosnia Tourist, the place where untamed nature meets true...\" \/>\n<meta property=\"og:url\" content=\"https:\/\/boszniamagyarul.hu\/hu\/about-2\/\" \/>\n<meta property=\"og:site_name\" content=\"Bosznia Magyarul\" \/>\n<meta property=\"article:modified_time\" content=\"2026-03-25T16:58:30+00:00\" \/>\n<meta property=\"og:image\" content=\"https:\/\/boszniamagyarul.hu\/wp-content\/uploads\/2026\/03\/bosniatourist.eu___background___landing___003.webp\" \/>\n<meta name=\"twitter:card\" content=\"summary_large_image\" \/>\n<meta name=\"twitter:label1\" content=\"Becs\u00fclt olvas\u00e1si id\u0151\" \/>\n\t<meta name=\"twitter:data1\" content=\"2 perc\" \/>\n<script type=\"application\/ld+json\" class=\"yoast-schema-graph\">{\"@context\":\"https:\/\/schema.org\",\"@graph\":[{\"@type\":\"WebPage\",\"@id\":\"https:\/\/boszniamagyarul.hu\/about-2\/\",\"url\":\"https:\/\/boszniamagyarul.hu\/about-2\/\",\"name\":\"About - Bosznia Magyarul\",\"isPartOf\":{\"@id\":\"https:\/\/boszniamagyarul.hu\/#website\"},\"primaryImageOfPage\":{\"@id\":\"https:\/\/boszniamagyarul.hu\/about-2\/#primaryimage\"},\"image\":{\"@id\":\"https:\/\/boszniamagyarul.hu\/about-2\/#primaryimage\"},\"thumbnailUrl\":\"https:\/\/boszniamagyarul.hu\/wp-content\/uploads\/2026\/03\/bosniatourist.eu___background___landing___003.webp\",\"datePublished\":\"2022-07-31T16:21:38+00:00\",\"dateModified\":\"2026-03-25T16:58:30+00:00\",\"breadcrumb\":{\"@id\":\"https:\/\/boszniamagyarul.hu\/about-2\/#breadcrumb\"},\"inLanguage\":\"hu\",\"potentialAction\":[{\"@type\":\"ReadAction\",\"target\":[\"https:\/\/boszniamagyarul.hu\/about-2\/\"]}]},{\"@type\":\"ImageObject\",\"inLanguage\":\"hu\",\"@id\":\"https:\/\/boszniamagyarul.hu\/about-2\/#primaryimage\",\"url\":\"https:\/\/boszniamagyarul.hu\/wp-content\/uploads\/2026\/03\/bosniatourist.eu___background___landing___003.webp\",\"contentUrl\":\"https:\/\/boszniamagyarul.hu\/wp-content\/uploads\/2026\/03\/bosniatourist.eu___background___landing___003.webp\"},{\"@type\":\"BreadcrumbList\",\"@id\":\"https:\/\/boszniamagyarul.hu\/about-2\/#breadcrumb\",\"itemListElement\":[{\"@type\":\"ListItem\",\"position\":1,\"name\":\"Kezd\u0151lap\",\"item\":\"https:\/\/boszniamagyarul.hu\/\"},{\"@type\":\"ListItem\",\"position\":2,\"name\":\"About\"}]},{\"@type\":\"WebSite\",\"@id\":\"https:\/\/boszniamagyarul.hu\/#website\",\"url\":\"https:\/\/boszniamagyarul.hu\/\",\"name\":\"Bosznia Magyarul\",\"description\":\"\",\"potentialAction\":[{\"@type\":\"SearchAction\",\"target\":{\"@type\":\"EntryPoint\",\"urlTemplate\":\"https:\/\/boszniamagyarul.hu\/?s={search_term_string}\"},\"query-input\":{\"@type\":\"PropertyValueSpecification\",\"valueRequired\":true,\"valueName\":\"search_term_string\"}}],\"inLanguage\":\"hu\"}]}<\/script>\n<!-- \/ Yoast SEO Premium plugin. -->","yoast_head_json":{"title":"About - Bosznia Magyarul","robots":{"index":"noindex","follow":"follow","max-snippet":"max-snippet:-1","max-image-preview":"max-image-preview:large","max-video-preview":"max-video-preview:-1"},"og_locale":"hu_HU","og_type":"article","og_title":"About","og_description":"The best travel agency Where Your Adventure Begins Phone \/ viber &amp; whatsap +381 63 175 8514 Phone \/ viber &amp; whatsap +36 70 77 22 843 . Bosznia magyarul . Bosznia magyarul Welcome to Bosnia Tourist, the place where untamed nature meets true...","og_url":"https:\/\/boszniamagyarul.hu\/hu\/about-2\/","og_site_name":"Bosznia Magyarul","article_modified_time":"2026-03-25T16:58:30+00:00","og_image":[{"url":"https:\/\/boszniamagyarul.hu\/wp-content\/uploads\/2026\/03\/bosniatourist.eu___background___landing___003.webp","type":"","width":"","height":""}],"twitter_card":"summary_large_image","twitter_misc":{"Becs\u00fclt olvas\u00e1si id\u0151":"2 perc"},"schema":{"@context":"https:\/\/schema.org","@graph":[{"@type":"WebPage","@id":"https:\/\/boszniamagyarul.hu\/about-2\/","url":"https:\/\/boszniamagyarul.hu\/about-2\/","name":"About - Bosznia Magyarul","isPartOf":{"@id":"https:\/\/boszniamagyarul.hu\/#website"},"primaryImageOfPage":{"@id":"https:\/\/boszniamagyarul.hu\/about-2\/#primaryimage"},"image":{"@id":"https:\/\/boszniamagyarul.hu\/about-2\/#primaryimage"},"thumbnailUrl":"https:\/\/boszniamagyarul.hu\/wp-content\/uploads\/2026\/03\/bosniatourist.eu___background___landing___003.webp","datePublished":"2022-07-31T16:21:38+00:00","dateModified":"2026-03-25T16:58:30+00:00","breadcrumb":{"@id":"https:\/\/boszniamagyarul.hu\/about-2\/#breadcrumb"},"inLanguage":"hu","potentialAction":[{"@type":"ReadAction","target":["https:\/\/boszniamagyarul.hu\/about-2\/"]}]},{"@type":"ImageObject","inLanguage":"hu","@id":"https:\/\/boszniamagyarul.hu\/about-2\/#primaryimage","url":"https:\/\/boszniamagyarul.hu\/wp-content\/uploads\/2026\/03\/bosniatourist.eu___background___landing___003.webp","contentUrl":"https:\/\/boszniamagyarul.hu\/wp-content\/uploads\/2026\/03\/bosniatourist.eu___background___landing___003.webp"},{"@type":"BreadcrumbList","@id":"https:\/\/boszniamagyarul.hu\/about-2\/#breadcrumb","itemListElement":[{"@type":"ListItem","position":1,"name":"Kezd\u0151lap","item":"https:\/\/boszniamagyarul.hu\/"},{"@type":"ListItem","position":2,"name":"About"}]},{"@type":"WebSite","@id":"https:\/\/boszniamagyarul.hu\/#website","url":"https:\/\/boszniamagyarul.hu\/","name":"Bosznia Magyarul","description":"","potentialAction":[{"@type":"SearchAction","target":{"@type":"EntryPoint","urlTemplate":"https:\/\/boszniamagyarul.hu\/?s={search_term_string}"},"query-input":{"@type":"PropertyValueSpecification","valueRequired":true,"valueName":"search_term_string"}}],"inLanguage":"hu"}]}},"meta_box":[],"_links":{"self":[{"href":"https:\/\/boszniamagyarul.hu\/hu\/wp-json\/wp\/v2\/pages\/100","targetHints":{"allow":["GET"]}}],"collection":[{"href":"https:\/\/boszniamagyarul.hu\/hu\/wp-json\/wp\/v2\/pages"}],"about":[{"href":"https:\/\/boszniamagyarul.hu\/hu\/wp-json\/wp\/v2\/types\/page"}],"author":[{"embeddable":true,"href":"https:\/\/boszniamagyarul.hu\/hu\/wp-json\/wp\/v2\/users\/1"}],"replies":[{"embeddable":true,"href":"https:\/\/boszniamagyarul.hu\/hu\/wp-json\/wp\/v2\/comments?post=100"}],"version-history":[{"count":130,"href":"https:\/\/boszniamagyarul.hu\/hu\/wp-json\/wp\/v2\/pages\/100\/revisions"}],"predecessor-version":[{"id":2261,"href":"https:\/\/boszniamagyarul.hu\/hu\/wp-json\/wp\/v2\/pages\/100\/revisions\/2261"}],"wp:attachment":[{"href":"https:\/\/boszniamagyarul.hu\/hu\/wp-json\/wp\/v2\/media?parent=100"}],"curies":[{"name":"wp","href":"https:\/\/api.w.org\/{rel}","templated":true}]}}